{"id":1987,"date":"2022-04-20T13:26:12","date_gmt":"2022-04-20T13:26:12","guid":{"rendered":"<!-- wp:paragraph -->\n<p><strong>Mentions L\u00e9gales<\/strong><\/p>\n<!-- \/wp:paragraph -->\n\n<!-- wp:paragraph -->\n<p>Wellness4ever S.\u00e0.r.l.-S<\/p>\n<!-- \/wp:paragraph -->\n\n<!-- wp:paragraph -->\n<p>Num\u00e9ro d\u2019immatriculation : B254755<\/p>\n<!-- \/wp:paragraph -->\n\n<!"},"modified":"2022-04-20T13:26:12","modified_gmt":"2022-04-20T13:26:12","slug":"mentions-legales","status":"publish","type":"page","link":"https:\/\/wellness4ever.lu\/en\/mentions-legales\/","title":{"rendered":"Mentions l\u00e9gales"},"content":{"rendered":"\n<p><strong>Mentions L\u00e9gales<\/strong><\/p>\n\n\n\n<p>Wellness4ever S.\u00e0.r.l.-S<\/p>\n\n\n\n<p>Num\u00e9ro d\u2019immatriculation : B254755<\/p>\n\n\n\n<p>TVA : LU33128729<\/p>\n\n\n\n<p>20 Domaine Schmiseleck<\/p>\n\n\n\n<p>L-3373 Leudelange<\/p>\n\n\n\n<p><strong>Conditions g\u00e9n\u00e9rales<\/strong><\/p>\n\n\n\n<p>TABLE DES MATI\u00c8RES<\/p>\n\n\n\n<ol class=\"wp-block-list\"><li>Domaine d\u2019application<\/li><li>Conclusion du contrat<\/li><li>Droit de r\u00e9tractation<\/li><li>Prix et modalit\u00e9s de paiement<\/li><li>Conditions de livraison<\/li><li>Conformit\u00e9 &amp; Garantie L\u00e9gales<\/li><li>Responsabilit\u00e9 du vendeur<\/li><li>Force majeure<\/li><li>Loi applicable, juridiction comp\u00e9tente<\/li><li>R\u00e8glement extrajudiciaire des litiges<\/li><\/ol>\n\n\n\n<p>1) DOMAINE D\u2019APPLICATION<\/p>\n\n\n\n<p>1.1\u2009Les pr\u00e9sentes Conditions G\u00e9n\u00e9rales de Vente (CGV) s\u2019appliquent \u00e0 tous les contrats conclus entre un consommateur ou un professionnel (ci-apr\u00e8s d\u00e9nomm\u00e9 le \u00ab client \u00bb) et avec \u00ab Wellness4Ever S\u00e0rl-S\u00bb et ayant pour objet les produits et\/ou prestations pr\u00e9sent\u00e9s par le vendeur sur sa boutique en ligne. Les pr\u00e9sentes CGV annulent toutes conditions impos\u00e9es par le client, sauf s\u2019il en a \u00e9t\u00e9 convenu autrement.<\/p>\n\n\n\n<p>1.2\u2009Au sens des pr\u00e9sentes CGV est consid\u00e9r\u00e9 comme consommateur, toute personne physique qui qui agit \u00e0 des fins qui n\u2019entrent pas dans le cadre de son activit\u00e9 commerciale, industrielle, artisanale ou lib\u00e9rale. Au sens des pr\u00e9sentes Conditions G\u00e9n\u00e9rales de Vente, un professionnel d\u00e9signe toute personne physique ou morale qui agit, y compris par l\u2019interm\u00e9diaire d\u2019une autre personne agissant en son nom ou pour son compte, \u00e0 des fins qui entrent dans le cadre son activit\u00e9 commerciale, industrielle, artisanale ou lib\u00e9rale.<\/p>\n\n\n\n<p>2) CONCLUSION DU CONTRAT<\/p>\n\n\n\n<p>2.1\u2009Les descriptions de produits publi\u00e9es sur la boutique en ligne du vendeur repr\u00e9sentent des offres fermes de la part du vendeur, que le client accepte en passant commande.<\/p>\n\n\n\n<p>2.2\u2009Le client peut passer commande par le biais du formulaire de commande int\u00e9gr\u00e9 dans la boutique en ligne du vendeur et accepter ainsi l\u2019offre du vendeur. Lors d\u2019une commande via le formulaire en ligne, le client, apr\u00e8s avoir saisi les informations personnelles relatives \u00e0 la commande et cliqu\u00e9 sur le bouton achevant la commande (\u00ab Confirmer la commande \u00bb), \u00e9met une d\u00e9claration d\u2019acceptation ferme de l\u2019offre se rapportant aux marchandises contenues dans son panier de commande.<\/p>\n\n\n\n<p>2.3\u2009Le vendeur adresse au client un accus\u00e9 r\u00e9ception de la commande qui lui est transmis par voie postale ou \u00e9lectronique.<\/p>\n\n\n\n<p>2.4\u2009Le texte du contrat est archiv\u00e9s par le vendeur et un exemplaire est transmis au client conjointement aux pr\u00e9sentes CGV. Cette transmission a lieu au moment de l\u2019envoi de la commande sous forme de texte (courriel, fax ou lettre). Le texte du contrat ne peut plus \u00eatre consult\u00e9 par le biais de la boutique en ligne du vendeur apr\u00e8s la fin du processus de commande.<\/p>\n\n\n\n<p>2.5\u2009Avant de passer une commande ferme et d\u00e9finitive via le formulaire en ligne du vendeur, le client a la possibilit\u00e9 de corriger les informations saisies avec les fonctions habituelles du clavier. De plus, l\u2019ensemble des informations communiqu\u00e9es sera de nouveau affich\u00e9 dans une fen\u00eatre de confirmation juste avant la validation d\u00e9finitive de la commande et pourra y \u00eatre corrig\u00e9 de la m\u00eame fa\u00e7on.<\/p>\n\n\n\n<p>2.6\u2009Les langue fran\u00e7aise et allemande font foi pour la conclusion du contrat.<\/p>\n\n\n\n<p>2.7\u2009Le traitement de la commande et la prise de contact se font par e-mail et via un syst\u00e8me automatis\u00e9 de traitement de la commande. Le client se doit de veiller \u00e0 l\u2019exactitude de l\u2019adresse e-mail fournie pour des raisons de traitement de la commande et afin qu\u2019il puisse recevoir les e-mails envoy\u00e9s par le vendeur. Par ailleurs, le client doit notamment veiller, en cas d\u2019utilisation de filtres d\u2019e-mails ind\u00e9sirables (anti-spam), \u00e0 ce que l\u2019ensemble des e-mails envoy\u00e9s par le vendeur lui-m\u00eame ou par des tiers charg\u00e9s du traitement de la commande puisse \u00eatre re\u00e7u.<\/p>\n\n\n\n<p>3) DROIT DE R\u00c9TRACTATION<\/p>\n\n\n\n<p>Vous avez le droit de vous r\u00e9tracter du pr\u00e9sent contrat sans donner de motif dans un d\u00e9lai de quatorze jours.<\/p>\n\n\n\n<p>Le d\u00e9lai de r\u00e9tractation expire quatorze jours apr\u00e8s le jour o\u00f9 vous-m\u00eame, ou un tiers autre que le transporteur et d\u00e9sign\u00e9 par vous, prend physiquement possession du dernier bien.<\/p>\n\n\n\n<p>Pour exercer le droit de r\u00e9tractation, vous devez nous notifier par email infowellness4ever@gmail.com votre d\u00e9cision de r\u00e9tractation du pr\u00e9sent contrat au moyen d\u2019une d\u00e9claration d\u00e9nu\u00e9e d\u2019ambigu\u00eft\u00e9.&nbsp;<\/p>\n\n\n\n<p>Pour que le d\u00e9lai de r\u00e9tractation soit respect\u00e9, il suffit que vous transmettiez votre communication relative \u00e0 l\u2019exercice du droit de r\u00e9tractation avant l\u2019expiration du d\u00e9lai de r\u00e9tractation.<\/p>\n\n\n\n<p>4) PRIX ET MODALIT\u00c9S DE PAIEMENT<\/p>\n\n\n\n<p>4.1\u2009\u00c0 moins qu\u2019il n\u2019en soit dispos\u00e9 autrement dans les descriptions de produit publi\u00e9es par le vendeur, les prix indiqu\u00e9s par le vendeur sont des prix d\u00e9finitifs en euros, toutes taxes comprises (TTC). Ils incluent donc la taxe sur la valeur ajout\u00e9e (TVA). Des frais de livraison et d\u2019exp\u00e9dition suppl\u00e9mentaires pourraient cependant s\u2019appliquer. Ils seront, le cas \u00e9ch\u00e9ant, express\u00e9ment indiqu\u00e9s dans la description de produit correspondante.<\/p>\n\n\n\n<p>4.2\u2009Le client peut choisir entre les diff\u00e9rents moyens de paiement affich\u00e9s sur le site du vendeur.<\/p>\n\n\n\n<p>5) CONDITIONS DE LIVRAISON<\/p>\n\n\n\n<p>5.1\u2009La livraison des marchandises s\u2019effectue r\u00e9guli\u00e8rement par correspondance \u00e0 l\u2019adresse indiqu\u00e9e par le client, sauf s\u2019il en a \u00e9t\u00e9 convenu autrement. L\u2019adresse de livraison figurant sur la commande trait\u00e9e et g\u00e9r\u00e9e par le vendeur fait r\u00e9f\u00e9rence lors de l\u2019ex\u00e9cution de la transaction.<\/p>\n\n\n\n<p>5.2\u2009Si la soci\u00e9t\u00e9 de transport retourne la marchandise au vendeur en raison de l\u2019impossibilit\u00e9 de la remettre au client, les frais engendr\u00e9s par l\u2019\u00e9chec de l\u2019exp\u00e9dition seront imputables au client. Cependant, ceci ne s\u2019appliquera pas si le client a correctement exerc\u00e9 son droit de r\u00e9tractation, si le client n\u2019est pas responsable des circonstances ayant conduit \u00e0 l\u2019impossibilit\u00e9 de la remise de la marchandise, ou encore, s\u2019il a \u00e9t\u00e9 provisoirement emp\u00each\u00e9 de r\u00e9ceptionner la livraison, \u00e0 moins que le vendeur lui ait annonc\u00e9 par avance un d\u00e9lai de livraison raisonnable.<\/p>\n\n\n\n<p>5.3\u2009Le vendeur se r\u00e9serve le droit d\u2019effectuer une livraison en plusieurs fois dans des limites raisonnables. Aucun frais suppl\u00e9mentaire ne sera demand\u00e9 au client \u00e0 moins que la livraison en plusieurs fois ait \u00e9t\u00e9 express\u00e9ment demand\u00e9e par le client. Dans ce dernier cas, le vendeur se r\u00e9serve le droit de facturer les frais de livraison suppl\u00e9mentaires au client.<\/p>\n\n\n\n<p>5.4\u2009Le risque de perte ou d\u2019endommagement des biens est transf\u00e9r\u00e9 au client lorsque ce dernier, ou un tiers d\u00e9sign\u00e9 par le client consommateur lui-m\u00eame et autre que le transporteur propos\u00e9 par le vendeur prend physiquement possession des biens. Si le client est un professionnel, le risque de perte ou d\u2019endommagement est transf\u00e9r\u00e9 au client lors de la remise de la marchandise au transporteur.<\/p>\n\n\n\n<p>5.5\u2009Si le client est un professionnel, le vendeur se r\u00e9serve le droit de r\u00e9silier le contrat en cas de livraison incorrecte ou inappropri\u00e9e de la part de ses fournisseurs. Ceci s\u2019applique uniquement dans le cas o\u00f9 le vendeur n\u2019est pas responsable du d\u00e9faut de livraison et que ce dernier, faisant preuve de la diligence requise, a conclu une op\u00e9ration de compensation concr\u00e8te avec le fournisseur. Le vendeur est tenu de mettre en \u0153uvre tous les efforts raisonnables pour acqu\u00e9rir la marchandise aupr\u00e8s de ses fournisseurs. En cas d\u2019une indisponibilit\u00e9 totale ou partielle de la marchandise, le client en est imm\u00e9diatement inform\u00e9 et est rembours\u00e9 dans les meilleurs d\u00e9lais.<\/p>\n\n\n\n<p>5.6\u2009Pour des raisons logistiques, un enl\u00e8vement par les soins du client n\u2019est pas possible.<\/p>\n\n\n\n<p>6) CONFORMIT\u00c9 &amp; GARANTIE L\u00c9GALES<\/p>\n\n\n\n<p>En cas de d\u00e9faut de la chose achet\u00e9e, les dispositions l\u00e9gales s\u2019appliquent.<\/p>\n\n\n\n<p>7) RESPONSABILIT\u00c9 DU VENDEUR<\/p>\n\n\n\n<p>7.1\u2009Le vendeur r\u00e9pond, envers son client, du dommage ou du remboursement des d\u00e9penses pour tout manquement \u00e0 ses obligations l\u00e9gales, contractuelles, quasi-contractuelles ou d\u00e9lictuelles de la fa\u00e7on suivante :<\/p>\n\n\n\n<p>7.2\u2009Le vendeur r\u00e9pond, envers son client, du dommage ou du remboursement des d\u00e9penses pour tout manquement \u00e0 ses obligations l\u00e9gales, contractuelles, quasi-contractuelles ou d\u00e9lictuelles de la fa\u00e7on suivante :<\/p>\n\n\n\n<p>En vertu des dispositions l\u00e9gales, le vendeur demeure enti\u00e8rement responsable:<\/p>\n\n\n\n<ul class=\"wp-block-list\"><li>en cas d\u2019intention d\u00e9lictuelle ou grave n\u00e9gligence,<\/li><li>dans le cadre d\u2019une promesse de garantie et sauf dispositions contraires,<\/li><li>dans le cadre d\u2019une responsabilit\u00e9 imp\u00e9rative du fait des produits d\u00e9fectueux.<\/li><\/ul>\n\n\n\n<p>7.3\u2009En cas de manquement du vendeur \u00e0 une obligation contractuelle essentielle, sa responsabilit\u00e9 est limit\u00e9e au dommage pr\u00e9visible au moment de la conclusion du contrat, \u00e0 moins que la responsabilit\u00e9 illimit\u00e9e ne s\u2019applique conform\u00e9ment aux dispositions du paragraphe 7.1. Les obligations contractuelles essentielles sont des obligations que le contrat impose au vendeur en vue de r\u00e9aliser l\u2019objectif du contrat et dont le respect est essentiel \u00e0 la bonne ex\u00e9cution du contrat et au respect desquelles le client est en droit de se fier.<\/p>\n\n\n\n<p>7.4\u2009En dehors des cas pr\u00e9vus ci-dessus, toute responsabilit\u00e9 du vendeur est exclue.<\/p>\n\n\n\n<p>7.5\u2009Le r\u00e8glement ci-dessus portant sur la responsabilit\u00e9 s\u2019applique \u00e9galement \u00e0 la responsabilit\u00e9 que le vendeur engage pour ses agents d\u2019ex\u00e9cution ou pour son repr\u00e9sentant.<\/p>\n\n\n\n<p>8) FORCE MAJEURE<\/p>\n\n\n\n<p>La responsabilit\u00e9 du vendeur ne pourra pas \u00eatre mise en \u0153uvre si la non-ex\u00e9cution ou le retard dans l\u2019ex\u00e9cution de l\u2019une des obligations d\u00e9crites dans les pr\u00e9sentes CGV d\u00e9coule d\u2019un cas de force majeure.<\/p>\n\n\n\n<p>9) LOI APPLICABLE, JURIDICTION COMP\u00c9TENTE<\/p>\n\n\n\n<p>9.1\u2009Si le client est un consommateur au sens de l\u2019article 1.2, toute relation juridique entre les parties contractantes est r\u00e9gie par la loi du pays o\u00f9 le client a sa r\u00e9sidence habituelle, \u00e0 l\u2019exclusion du droit commercial international des Nations Unies. La juridiction comp\u00e9tente pour tout litige en relation avec le pr\u00e9sent contrat est exclusivement celle de la r\u00e9sidence habituelle du client.<\/p>\n\n\n\n<p>9.2\u2009Si le client est un professionnel au sens de l\u2019article 1.2, toute relation juridique entre les parties contractantes est r\u00e9gie par la loi du pays o\u00f9 le vendeur a son si\u00e8ge social, \u00e0 l\u2019exclusion du droit commercial international des Nations Unies. La juridiction comp\u00e9tente pour tout litige en relation avec le pr\u00e9sent contrat est exclusivement celle du si\u00e8ge social du vendeur.<\/p>\n\n\n\n<p>10) R\u00c8GLEMENT EXTRAJUDICIAIRE DES LITIGES<\/p>\n\n\n\n<p>10.1\u2009La Commission europ\u00e9enne inclue sur son site internet un lien \u00e9lectronique vers la plateforme relative au r\u00e8glement en ligne des litiges comme suit : https:\/\/ec.europa.eu\/consumers\/odr.<\/p>\n\n\n\n<p>Cette plateforme est un guichet unique pour r\u00e9gler des litiges par voie extrajudiciaire relevant des contrats de vente ou de service en ligne conclus entre consommateurs et professionels.<\/p>\n\n\n\n<p>10.2\u2009Le vendeur n\u2019est ni oblig\u00e9 ni dispos\u00e9 de participer aux r\u00e8glements extrajudiciaires de litiges aupr\u00e8s d\u2019une entit\u00e9 de r\u00e8glement extrajudiciaire de litiges.<\/p>\n","protected":false},"excerpt":{"rendered":"<p>Mentions L\u00e9gales Wellness4ever S.\u00e0.r.l.-S Num\u00e9ro d\u2019immatriculation : B254755 TVA : LU33128729 20 Domaine Schmiseleck L-3373 Leudelange Conditions g\u00e9n\u00e9rales TABLE DES MATI\u00c8RES Domaine d\u2019application Conclusion du contrat Droit de r\u00e9tractation Prix et modalit\u00e9s de paiement Conditions de livraison Conformit\u00e9 &amp; Garantie L\u00e9gales Responsabilit\u00e9 du vendeur Force majeure Loi applicable, juridiction comp\u00e9tente R\u00e8glement extrajudiciaire des litiges 1) [&hellip;]<\/p>\n","protected":false},"author":1,"featured_media":0,"parent":0,"menu_order":0,"comment_status":"closed","ping_status":"closed","template":"","meta":{"footnotes":""},"class_list":["post-1987","page","type-page","status-publish","hentry"],"yoast_head":"<!-- This site is optimized with the Yoast SEO plugin v19.11 - https:\/\/yoast.com\/wordpress\/plugins\/seo\/ -->\n<title>Mentions l\u00e9gales | Wellness 4 Ever<\/title>\n<meta name=\"robots\" content=\"index, follow, max-snippet:-1, max-image-preview:large, max-video-preview:-1\" \/>\n<link rel=\"canonical\" href=\"https:\/\/wellness4ever.lu\/en\/mentions-legales\/\" \/>\n<meta property=\"og:locale\" content=\"en_US\" \/>\n<meta property=\"og:type\" content=\"article\" \/>\n<meta property=\"og:title\" content=\"Mentions l\u00e9gales | Wellness 4 Ever\" \/>\n<meta property=\"og:description\" content=\"Mentions L\u00e9gales Wellness4ever S.\u00e0.r.l.-S Num\u00e9ro d\u2019immatriculation : B254755 TVA : LU33128729 20 Domaine Schmiseleck L-3373 Leudelange Conditions g\u00e9n\u00e9rales TABLE DES MATI\u00c8RES Domaine d\u2019application Conclusion du contrat Droit de r\u00e9tractation Prix et modalit\u00e9s de paiement Conditions de livraison Conformit\u00e9 &amp; Garantie L\u00e9gales Responsabilit\u00e9 du vendeur Force majeure Loi applicable, juridiction comp\u00e9tente R\u00e8glement extrajudiciaire des litiges 1) [&hellip;]\" \/>\n<meta property=\"og:url\" content=\"https:\/\/wellness4ever.lu\/en\/mentions-legales\/\" \/>\n<meta property=\"og:site_name\" content=\"Wellness 4 Ever\" \/>\n<meta name=\"twitter:card\" content=\"summary_large_image\" \/>\n<meta name=\"twitter:label1\" content=\"Est. reading time\" \/>\n\t<meta name=\"twitter:data1\" content=\"9 minutes\" \/>\n<script type=\"application\/ld+json\" class=\"yoast-schema-graph\">{\"@context\":\"https:\/\/schema.org\",\"@graph\":[{\"@type\":\"WebPage\",\"@id\":\"https:\/\/wellness4ever.lu\/en\/mentions-legales\/\",\"url\":\"https:\/\/wellness4ever.lu\/en\/mentions-legales\/\",\"name\":\"Mentions l\u00e9gales | Wellness 4 Ever\",\"isPartOf\":{\"@id\":\"https:\/\/wellness4ever.lu\/en\/#website\"},\"datePublished\":\"2022-04-20T13:26:12+00:00\",\"dateModified\":\"2022-04-20T13:26:12+00:00\",\"breadcrumb\":{\"@id\":\"https:\/\/wellness4ever.lu\/en\/mentions-legales\/#breadcrumb\"},\"inLanguage\":\"en-US\",\"potentialAction\":[{\"@type\":\"ReadAction\",\"target\":[\"https:\/\/wellness4ever.lu\/en\/mentions-legales\/\"]}]},{\"@type\":\"BreadcrumbList\",\"@id\":\"https:\/\/wellness4ever.lu\/en\/mentions-legales\/#breadcrumb\",\"itemListElement\":[{\"@type\":\"ListItem\",\"position\":1,\"name\":\"Accueil\",\"item\":\"https:\/\/wellness4ever.lu\/en\/\"},{\"@type\":\"ListItem\",\"position\":2,\"name\":\"Mentions l\u00e9gales\"}]},{\"@type\":\"WebSite\",\"@id\":\"https:\/\/wellness4ever.lu\/en\/#website\",\"url\":\"https:\/\/wellness4ever.lu\/en\/\",\"name\":\"Wellness 4 Ever\",\"description\":\"Massage Th\u00e9rapeutique \u00e0 Mamer | Wellness4Ever : Centre de Massage\",\"publisher\":{\"@id\":\"https:\/\/wellness4ever.lu\/en\/#organization\"},\"potentialAction\":[{\"@type\":\"SearchAction\",\"target\":{\"@type\":\"EntryPoint\",\"urlTemplate\":\"https:\/\/wellness4ever.lu\/en\/?s={search_term_string}\"},\"query-input\":\"required name=search_term_string\"}],\"inLanguage\":\"en-US\"},{\"@type\":\"Organization\",\"@id\":\"https:\/\/wellness4ever.lu\/en\/#organization\",\"name\":\"Wellness4Ever : Centre de Massage\",\"url\":\"https:\/\/wellness4ever.lu\/en\/\",\"logo\":{\"@type\":\"ImageObject\",\"inLanguage\":\"en-US\",\"@id\":\"https:\/\/wellness4ever.lu\/en\/#\/schema\/logo\/image\/\",\"url\":\"https:\/\/i0.wp.com\/wellness4ever.lu\/wp-content\/uploads\/2022\/04\/JPEG-01.jpg?fit=1058%2C1046&ssl=1\",\"contentUrl\":\"https:\/\/i0.wp.com\/wellness4ever.lu\/wp-content\/uploads\/2022\/04\/JPEG-01.jpg?fit=1058%2C1046&ssl=1\",\"width\":1058,\"height\":1046,\"caption\":\"Wellness4Ever : Centre de Massage\"},\"image\":{\"@id\":\"https:\/\/wellness4ever.lu\/en\/#\/schema\/logo\/image\/\"}}]}<\/script>\n<!-- \/ Yoast SEO plugin. -->","yoast_head_json":{"title":"Mentions l\u00e9gales | Wellness 4 Ever","robots":{"index":"index","follow":"follow","max-snippet":"max-snippet:-1","max-image-preview":"max-image-preview:large","max-video-preview":"max-video-preview:-1"},"canonical":"https:\/\/wellness4ever.lu\/en\/mentions-legales\/","og_locale":"en_US","og_type":"article","og_title":"Mentions l\u00e9gales | Wellness 4 Ever","og_description":"Mentions L\u00e9gales Wellness4ever S.\u00e0.r.l.-S Num\u00e9ro d\u2019immatriculation : B254755 TVA : LU33128729 20 Domaine Schmiseleck L-3373 Leudelange Conditions g\u00e9n\u00e9rales TABLE DES MATI\u00c8RES Domaine d\u2019application Conclusion du contrat Droit de r\u00e9tractation Prix et modalit\u00e9s de paiement Conditions de livraison Conformit\u00e9 &amp; Garantie L\u00e9gales Responsabilit\u00e9 du vendeur Force majeure Loi applicable, juridiction comp\u00e9tente R\u00e8glement extrajudiciaire des litiges 1) [&hellip;]","og_url":"https:\/\/wellness4ever.lu\/en\/mentions-legales\/","og_site_name":"Wellness 4 Ever","twitter_card":"summary_large_image","twitter_misc":{"Est. reading time":"9 minutes"},"schema":{"@context":"https:\/\/schema.org","@graph":[{"@type":"WebPage","@id":"https:\/\/wellness4ever.lu\/en\/mentions-legales\/","url":"https:\/\/wellness4ever.lu\/en\/mentions-legales\/","name":"Mentions l\u00e9gales | Wellness 4 Ever","isPartOf":{"@id":"https:\/\/wellness4ever.lu\/en\/#website"},"datePublished":"2022-04-20T13:26:12+00:00","dateModified":"2022-04-20T13:26:12+00:00","breadcrumb":{"@id":"https:\/\/wellness4ever.lu\/en\/mentions-legales\/#breadcrumb"},"inLanguage":"en-US","potentialAction":[{"@type":"ReadAction","target":["https:\/\/wellness4ever.lu\/en\/mentions-legales\/"]}]},{"@type":"BreadcrumbList","@id":"https:\/\/wellness4ever.lu\/en\/mentions-legales\/#breadcrumb","itemListElement":[{"@type":"ListItem","position":1,"name":"Accueil","item":"https:\/\/wellness4ever.lu\/en\/"},{"@type":"ListItem","position":2,"name":"Mentions l\u00e9gales"}]},{"@type":"WebSite","@id":"https:\/\/wellness4ever.lu\/en\/#website","url":"https:\/\/wellness4ever.lu\/en\/","name":"Wellness 4 Ever","description":"Massage Th\u00e9rapeutique \u00e0 Mamer | Wellness4Ever : Centre de Massage","publisher":{"@id":"https:\/\/wellness4ever.lu\/en\/#organization"},"potentialAction":[{"@type":"SearchAction","target":{"@type":"EntryPoint","urlTemplate":"https:\/\/wellness4ever.lu\/en\/?s={search_term_string}"},"query-input":"required name=search_term_string"}],"inLanguage":"en-US"},{"@type":"Organization","@id":"https:\/\/wellness4ever.lu\/en\/#organization","name":"Wellness4Ever : Centre de Massage","url":"https:\/\/wellness4ever.lu\/en\/","logo":{"@type":"ImageObject","inLanguage":"en-US","@id":"https:\/\/wellness4ever.lu\/en\/#\/schema\/logo\/image\/","url":"https:\/\/i0.wp.com\/wellness4ever.lu\/wp-content\/uploads\/2022\/04\/JPEG-01.jpg?fit=1058%2C1046&ssl=1","contentUrl":"https:\/\/i0.wp.com\/wellness4ever.lu\/wp-content\/uploads\/2022\/04\/JPEG-01.jpg?fit=1058%2C1046&ssl=1","width":1058,"height":1046,"caption":"Wellness4Ever : Centre de Massage"},"image":{"@id":"https:\/\/wellness4ever.lu\/en\/#\/schema\/logo\/image\/"}}]}},"_links":{"self":[{"href":"https:\/\/wellness4ever.lu\/en\/wp-json\/wp\/v2\/pages\/1987","targetHints":{"allow":["GET"]}}],"collection":[{"href":"https:\/\/wellness4ever.lu\/en\/wp-json\/wp\/v2\/pages"}],"about":[{"href":"https:\/\/wellness4ever.lu\/en\/wp-json\/wp\/v2\/types\/page"}],"author":[{"embeddable":true,"href":"https:\/\/wellness4ever.lu\/en\/wp-json\/wp\/v2\/users\/1"}],"replies":[{"embeddable":true,"href":"https:\/\/wellness4ever.lu\/en\/wp-json\/wp\/v2\/comments?post=1987"}],"version-history":[{"count":0,"href":"https:\/\/wellness4ever.lu\/en\/wp-json\/wp\/v2\/pages\/1987\/revisions"}],"wp:attachment":[{"href":"https:\/\/wellness4ever.lu\/en\/wp-json\/wp\/v2\/media?parent=1987"}],"curies":[{"name":"wp","href":"https:\/\/api.w.org\/{rel}","templated":true}]}}