{"id":1331,"date":"2022-01-13T09:20:22","date_gmt":"2022-01-13T09:20:22","guid":{"rendered":"http:\/\/Wellness4Ever%20%20%20%20%20%20%20%20%20%20%20%20%20%20%20%20Adresse102%20route%20d&#039;ArlonL-8210%20MamerParking%20a"},"modified":"2022-06-27T16:42:39","modified_gmt":"2022-06-27T16:42:39","slug":"contact","status":"publish","type":"page","link":"https:\/\/wellness4ever.lu\/en\/contact\/","title":{"rendered":"CONTACT"},"content":{"rendered":"<p><img decoding=\"async\" src=\"\/wp-content\/uploads\/2022\/03\/W4E-Contact2.jpg\" alt=\"\"><\/p>\n<div>\n<h1>Wellness4Ever<\/h1>\n<div>\n<h4 class=\"themecolor\">Adresse<\/h4>\n<p class=\"gt-block\">102 route d&#8217;Arlon<br \/>L-8210 Mamer<\/p>\n<p class=\"gt-block\">Parking avec Google Map:<br \/><a href=\"https:\/\/www.google.com\/maps\/d\/u\/0\/edit?mid=15PU9VF3Kh6DvP-rbH2Fj2VUBKfBCteRT&amp;usp=sharing\" target=\"_blank\" rel=\"noopener\">Rue Sigefroi, Mamer<\/a><\/p>\n<p><a href=\"mailto:infowellness4ever@gmail.com\">infowellness4ever@gmail.com<\/a><\/p>\n<\/div>\n<p><a href=\"https:\/\/salonkee.lu\/salon\/wellness4ever\">R\u00e9servez votre massage<\/a><\/p>\n<\/div>\n<ul>\n<li><a href=\"https:\/\/www.facebook.com\/Wellness4Ever.Mamer\/\">facebook<\/a>\n<\/li>\n<li><a href=\"https:\/\/www.instagram.com\/yourmassagewellness4ever\/\">instagram<\/a>\n<\/li>\n<\/ul>\n<p><img decoding=\"async\" src=\"\/wp-content\/uploads\/2022\/01\/QR-Code-Whatsapp-scaled.jpg\" alt=\"\"><\/p>\n<h2>Envoyez-nous votre message :<\/h2>\n<div>\n<p><span>L\u2019\u00e9quipe de Wellness4Ever adorerait avoir de vos nouvelles !<\/span><\/p>\n<p><span>Joignez-nous via les m\u00e9thodes ci-dessous et nous vous recontacterons imm\u00e9diatement<\/span><\/p>\n<\/div>\n<div>\n\n            <div \n                class=\"elfsight-widget-form-builder elfsight-widget\" \n                data-elfsight-form-builder-options=\"%7B%22ei%22%3A%22%22%2C%22fields%22%3A%5B%7B%22type%22%3A%22text%22%2C%22placeholder%22%3A%22Votre%20nom%22%2C%22description%22%3A%22%22%2C%22label%22%3A%22%22%2C%22required%22%3Afalse%2C%22columnWidth%22%3A50%2C%22id%22%3A%22%5B%5D%22%7D%2C%7B%22type%22%3A%22email%22%2C%22label%22%3A%22%22%2C%22description%22%3A%22%22%2C%22placeholder%22%3A%22votre%20adresse%20mail%22%2C%22required%22%3Atrue%2C%22columnWidth%22%3A50%2C%22id%22%3A%22%5B%5D%22%7D%2C%7B%22type%22%3A%22phone%22%2C%22label%22%3A%22%22%2C%22placeholder%22%3A%22Votre%20num%5Cu00e9ro%20de%20t%5Cu00e9l%5Cu00e9phone%22%2C%22description%22%3A%22%22%2C%22required%22%3Afalse%2C%22columnWidth%22%3A50%2C%22id%22%3A%22%5B%5D%22%7D%2C%7B%22type%22%3A%22textarea%22%2C%22label%22%3A%22%22%2C%22description%22%3A%22%22%2C%22placeholder%22%3A%22Votre%20message%22%2C%22required%22%3Atrue%2C%22columnWidth%22%3A100%2C%22id%22%3A%22%5B%5D%22%7D%5D%2C%22headerActive%22%3Afalse%2C%22headerTitle%22%3A%22Get%20in%20Touch%22%2C%22headerText%22%3A%22Leave%20your%20message%20and%20we%27ll%20get%20back%20to%20you%20shortly.%22%2C%22headerPictureUrl%22%3A%22message%22%2C%22footerText%22%3A%22%22%2C%22actionAfterSubmit%22%3A%22message%22%2C%22successMessage%22%3A%22Merci%20pour%20votre%20message.%26nbsp%3B%20Nous%20vous%20recontactons%20le%20plus%20rapidement%20possible.%22%2C%22successContinueText%22%3A%22OK%22%2C%22redirectUrl%22%3A%22https%3A%5C%2F%5C%2Fexample.com%22%2C%22submitText%22%3A%22Envoyer%22%2C%22stepsMessagesDivider%22%3Anull%2C%22stepsMessagesTitle%22%3Anull%2C%22stepsText%22%3A%22step%20%251%20of%20%252%22%2C%22stepBackText%22%3A%22Back%22%2C%22stepNextText%22%3A%22Next%22%2C%22errorMessageAllRequired%22%3A%22Merci%20de%20compl%5Cu00e9ter%20les%20champs%20obligatoires%22%2C%22errorMessageAllIncorrect%22%3A%22Merci%20de%20compl%5Cu00e9ter%20ce%20champ%20correctement%22%2C%22errorMessageSetMailTo%22%3A%22Vous%20n%27avez%20pas%20encod%5Cu00e9%20d%27adresse%20email%20valide%22%2C%22errorMessageRequiredCaptcha%22%3A%22Veuillez%20r%5Cu00e9encoder%20votre%20CAPTCHA%22%2C%22errorMessageFileSizeLimit%22%3A%22File%20size%20limit%20exceeded%22%2C%22errorMessageFileNotAllowed%22%3A%22File%20extension%20not%20allowed%22%2C%22errorMessageUnknown%22%3A%22Unknown%20error%22%2C%22errorMessageRequired%22%3A%22Required%20field%22%2C%22errorMessageInvalid%22%3A%22Invalid%22%2C%22errorMessageInvalidEmail%22%3A%22Invalid%20email%22%2C%22errorMessageInvalidPhone%22%3A%22Invalid%20phone%20number%22%2C%22errorMessageInvalidUrl%22%3A%22Invalid%20URL%22%2C%22calendarWeekdaysShorthand%22%3A%22Sun%5CnMon%5CnTue%5CnWed%5CnThu%5CnFri%5CnSat%22%2C%22calendarMonthsLonghand%22%3A%22January%5CnFebruary%5CnMarch%5CnApril%5CnMay%5CnJune%5CnJuly%5CnAugust%5CnSeptember%5CnOctober%5CnNovember%5CnDecember%22%2C%22showProgress%22%3Atrue%2C%22recaptchaType%22%3A%22invisible%22%2C%22integrationsGoogleToken%22%3A%22%22%2C%22integrationsGoogleSheetId%22%3A%22%22%2C%22layout%22%3A%22default%22%2C%22floatingIcon%22%3A%22message%22%2C%22floatingText%22%3A%22%22%2C%22floatingPosition%22%3A%22right%22%2C%22width%22%3A%22580%22%2C%22style%22%3A%22classic-rounded%22%2C%22mainColor%22%3A%22rgb%2840%2C%2041%2C%2042%29%22%2C%22apiUrl%22%3A%22https%3A%5C%2F%5C%2Fwellness4ever.lu%5C%2Fen%5C%2Fwp-json%5C%2Felfsight-form-builder%5C%2Fapi%22%2C%22recaptchaKeyCheckbox%22%3A%226LfXGHgUAAAAAHNIE_EH7kEI1l4xvf_ynIlg5bfo%22%2C%22recaptchaKeyInvisible%22%3A%226Ld1CXgUAAAAAFTHmixC1Eo-NP7_3ddB1YOj9AfX%22%2C%22widgetId%22%3A%223%22%7D\" \n                data-elfsight-form-builder-version=\"1.5.1\"\n                data-elfsight-widget-id=\"elfsight-form-builder-3\">\n            <\/div>\n            <\/div>\n<p><img decoding=\"async\" src=\"\/wp-content\/uploads\/2022\/01\/LOGO-Wellness4Ever-2022.png\" alt=\"\"><\/p>\n<h1>Abonnez-vous \u00e0 notre bulletin<\/h1>\n<div>\n<p>Rejoignez notre liste de diffusion pour recevoir les derni\u00e8res nouvelles et mises \u00e0 jour de notre \u00e9quipe.<\/p>\n<\/div>\n<p><!--more--><br \/>\n<!-- {\"name\":\"RSVP\",\"type\":\"layout\",\"children\":[{\"name\":\"Hero\",\"type\":\"section\",\"props\":{\"style\":\"default\",\"width\":\"xlarge\",\"vertical_align\":\"middle\",\"title_position\":\"center-left\",\"title_rotation\":\"left\",\"title_breakpoint\":\"xl\",\"image_position\":\"center-center\",\"title\":\"Contactez-nous !\",\"padding_remove_top\":true},\"children\":[{\"name\":\"\",\"type\":\"row\",\"props\":{\"layout\":\"1-2,1-2\",\"vertical_align\":true,\"width\":\"expand\",\"column_gap\":\"collapse\",\"row_gap\":\"collapse\"},\"children\":[{\"name\":\"\",\"type\":\"column\",\"props\":{\"image_position\":\"center-center\",\"image\":\"\",\"style\":\"primary\",\"padding\":\"xlarge\",\"vertical_align\":\"middle\",\"width_medium\":\"1-2\",\"media_overlay_gradient\":\"\",\"position_sticky_breakpoint\":\"m\"},\"children\":[{\"type\":\"image\",\"props\":{\"margin\":\"default\",\"image_svg_color\":\"emphasis\",\"image\":\"wp-content\\\/uploads\\\/2022\\\/03\\\/W4E-Contact2.jpg\"}},{\"name\":\"\",\"type\":\"panel\",\"props\":{\"link_text\":\"R\\u00e9servez votre massage\",\"title_element\":\"h1\",\"meta_style\":\"meta\",\"meta_align\":\"below-title\",\"image_align\":\"top\",\"image_grid_width\":\"1-2\",\"link_style\":\"default\",\"margin\":\"\",\"title\":\"Wellness4Ever\",\"content\":\"\n\n<h4 class=\\\"themecolor\\\">Adresse<\\\/h4>\\n\n\n<p class=\\\"gt-block\\\">102 route d'Arlon<br \\\/>L-8210 Mamer<\\\/p>\\n\n\n<p class=\\\"gt-block\\\">Parking avec Google Map:<br \\\/><a href=\\\"https:\\\/\\\/www.google.com\\\/maps\\\/d\\\/u\\\/0\\\/edit?mid=15PU9VF3Kh6DvP-rbH2Fj2VUBKfBCteRT&amp;usp=sharing\\\" target=\\\"_blank\\\" rel=\\\"noopener\\\">Rue Sigefroi, Mamer<\\\/a><\\\/p>\\n\n\n<p><a href=\\\"mailto:infowellness4ever@gmail.com\\\">infowellness4ever@gmail.com<\\\/a><\\\/p>\",\"link\":\"https:\\\/\\\/salonkee.lu\\\/salon\\\/wellness4ever\",\"title_style\":\"heading-small\",\"maxwidth\":\"medium\",\"margin_remove_top\":false,\"text_align\":\"left\",\"icon\":\"\",\"text_align_breakpoint\":\"m\",\"text_align_fallback\":\"center\",\"block_align\":\"center\",\"image_grid_breakpoint\":\"m\",\"icon_width\":80,\"title_hover_style\":\"reset\",\"title_align\":\"top\",\"title_grid_width\":\"1-2\",\"title_grid_breakpoint\":\"m\",\"meta_element\":\"div\",\"content_column_breakpoint\":\"m\",\"image_svg_color\":\"emphasis\",\"panel_card_size\":\"large\",\"image\":\"\"}},{\"type\":\"social\",\"props\":{\"link_style\":\"\",\"grid\":\"horizontal\",\"grid_gap\":\"small\",\"margin\":\"default\",\"icon_width\":\"60\",\"text_align\":\"center\"},\"children\":[{\"type\":\"social_item\",\"props\":{\"link\":\"https:\\\/\\\/www.facebook.com\\\/Wellness4Ever.Mamer\\\/\"}},{\"type\":\"social_item\",\"props\":{\"link\":\"https:\\\/\\\/www.instagram.com\\\/yourmassagewellness4ever\\\/\"}}]}]},{\"name\":\"\",\"type\":\"column\",\"props\":{\"image_position\":\"center-center\",\"padding\":\"xlarge\",\"vertical_align\":\"middle\",\"width_medium\":\"1-2\",\"order_first\":\"m\",\"media_overlay_gradient\":\"\",\"position_sticky_breakpoint\":\"m\"},\"children\":[{\"name\":\"\",\"type\":\"image\",\"props\":{\"margin\":\"default\",\"image\":\"wp-content\\\/uploads\\\/2022\\\/01\\\/QR-Code-Whatsapp-scaled.jpg\",\"image_width\":\"900\",\"maxwidth\":\"2xlarge\",\"animation\":\"parallax\",\"parallax_x_start\":\"50\",\"parallax_x_end\":40,\"parallax_breakpoint\":\"m\",\"visibility\":\"s\",\"maxwidth_breakpoint\":\"m\",\"block_align\":\"center\",\"image_svg_color\":\"emphasis\"}}]}]}]},{\"name\":\"Contact\",\"type\":\"section\",\"props\":{\"style\":\"default\",\"width\":\"small\",\"vertical_align\":\"middle\",\"title_position\":\"top-left\",\"title_rotation\":\"left\",\"title_breakpoint\":\"xl\",\"image_position\":\"top-left\",\"image\":\"wp-content\\\/uploads\\\/rsvp-contact-bg.svg\",\"padding_remove_top\":false,\"media_visibility\":\"s\"},\"children\":[{\"name\":\"\",\"type\":\"row\",\"props\":{\"width\":\"small\"},\"children\":[{\"name\":\"\",\"type\":\"column\",\"props\":{\"image_position\":\"top-left\",\"image\":\"\",\"width_medium\":\"1-1\",\"media_overlay_gradient\":\"\",\"position_sticky_breakpoint\":\"m\"},\"children\":[{\"name\":\"\",\"type\":\"headline\",\"props\":{\"title_element\":\"h2\",\"content\":\"Envoyez-nous votre message :\",\"title_color\":\"primary\",\"title_style\":\"heading-small\"}}]}]},{\"name\":\"\",\"type\":\"row\",\"props\":{\"layout\":\"1-3,2-3\",\"width\":\"small\",\"match\":false},\"children\":[{\"name\":\"\",\"type\":\"column\",\"props\":{\"image_position\":\"center-center\",\"width_medium\":\"1-3\",\"media_overlay_gradient\":\"\",\"position_sticky_breakpoint\":\"m\"},\"children\":[{\"name\":\"\",\"type\":\"text\",\"props\":{\"margin\":\"default\",\"column_breakpoint\":\"m\",\"content\":\"\n\n<p><span>L\\u2019\\u00e9quipe de Wellness4Ever adorerait avoir de vos nouvelles !<\\\/span><\\\/p>\\n\n\n<p><br \\\/><span>Joignez-nous via les m\\u00e9thodes ci-dessous et nous vous recontacterons imm\\u00e9diatement<\\\/span><\\\/p>\"}}]},{\"name\":\"\",\"type\":\"column\",\"props\":{\"image_position\":\"center-center\",\"width_medium\":\"2-3\",\"media_overlay_gradient\":\"\",\"position_sticky_breakpoint\":\"m\"},\"children\":[{\"type\":\"html\",\"props\":{\"content\":\"[elfsight_form_builder id=\\\"3\\\"]\"}}]}]}]},{\"type\":\"section\",\"props\":{\"style\":\"secondary\",\"width\":\"default\",\"vertical_align\":\"middle\",\"title_position\":\"top-left\",\"title_rotation\":\"left\",\"title_breakpoint\":\"xl\",\"image_position\":\"center-center\"},\"children\":[{\"name\":\"\",\"type\":\"row\",\"props\":{\"layout\":\"1-3,2-3\",\"width\":\"xlarge\",\"match\":false},\"children\":[{\"name\":\"\",\"type\":\"column\",\"props\":{\"image_position\":\"center-center\",\"width_medium\":\"1-3\",\"media_overlay_gradient\":\"\",\"position_sticky_breakpoint\":\"m\"},\"children\":[{\"type\":\"image\",\"props\":{\"margin\":\"default\",\"image_svg_color\":\"emphasis\",\"image\":\"wp-content\\\/uploads\\\/2022\\\/01\\\/LOGO-Wellness4Ever-2022.png\"}}]},{\"name\":\"\",\"type\":\"column\",\"props\":{\"image_position\":\"center-center\",\"width_medium\":\"2-3\",\"media_overlay_gradient\":\"\",\"position_sticky_breakpoint\":\"m\"},\"children\":[{\"type\":\"headline\",\"props\":{\"title_element\":\"h1\",\"content\":\"Abonnez-vous \\u00e0 notre bulletin\"}},{\"type\":\"text\",\"props\":{\"margin\":\"default\",\"column_breakpoint\":\"m\",\"content\":\"\n\n<p>Rejoignez notre liste de diffusion pour recevoir les derni\\u00e8res nouvelles et mises \\u00e0 jour de notre \\u00e9quipe.<\\\/p>\"}},{\"type\":\"newsletter\",\"props\":{\"layout\":\"grid\",\"show_name\":true,\"label_first_name\":\"Pr\\u00e9nom\",\"label_last_name\":\"Nom\",\"label_email\":\"Votre adresse mail\",\"label_button\":\"S'inscrire\",\"provider\":{\"name\":\"mailchimp\",\"after_submit\":\"message\",\"message\":\"You've been subscribed successfully.\",\"redirect\":\"\"},\"mailchimp\":{\"client_id\":\"\",\"list_id\":\"\",\"double_optin\":true},\"cmonitor\":{\"client_id\":\"\",\"list_id\":\"\"},\"button_mode\":\"button\",\"button_style\":\"secondary\",\"button_icon\":\"mail\",\"gap\":\"small\",\"form_size\":\"large\",\"form_style\":\"blank\"}}]}]}]}],\"version\":\"2.7.15\"} --><\/p>\n","protected":false},"excerpt":{"rendered":"<p>Wellness4Ever Adresse 102 route d&#8217;ArlonL-8210 Mamer Parking avec Google Map:Rue Sigefroi, Mamer infowellness4ever@gmail.com R\u00e9servez votre massage facebook instagram Envoyez-nous votre message : L\u2019\u00e9quipe de Wellness4Ever adorerait avoir de vos nouvelles ! Joignez-nous via les m\u00e9thodes ci-dessous et nous vous recontacterons imm\u00e9diatement Abonnez-vous \u00e0 notre bulletin Rejoignez notre liste de diffusion pour recevoir les derni\u00e8res nouvelles [&hellip;]<\/p>\n","protected":false},"author":1,"featured_media":0,"parent":0,"menu_order":0,"comment_status":"closed","ping_status":"closed","template":"","meta":{"footnotes":""},"class_list":["post-1331","page","type-page","status-publish","hentry"],"yoast_head":"<!-- This site is optimized with the Yoast SEO plugin v19.11 - https:\/\/yoast.com\/wordpress\/plugins\/seo\/ -->\n<title>CONTACT | Wellness 4 Ever<\/title>\n<meta name=\"robots\" content=\"index, follow, max-snippet:-1, max-image-preview:large, max-video-preview:-1\" \/>\n<link rel=\"canonical\" href=\"https:\/\/wellness4ever.lu\/en\/contact\/\" \/>\n<meta property=\"og:locale\" content=\"en_US\" \/>\n<meta property=\"og:type\" content=\"article\" \/>\n<meta property=\"og:title\" content=\"CONTACT | Wellness 4 Ever\" \/>\n<meta property=\"og:description\" content=\"Wellness4Ever Adresse 102 route d&#8217;ArlonL-8210 Mamer Parking avec Google Map:Rue Sigefroi, Mamer infowellness4ever@gmail.com R\u00e9servez votre massage facebook instagram Envoyez-nous votre message : L\u2019\u00e9quipe de Wellness4Ever adorerait avoir de vos nouvelles ! Joignez-nous via les m\u00e9thodes ci-dessous et nous vous recontacterons imm\u00e9diatement Abonnez-vous \u00e0 notre bulletin Rejoignez notre liste de diffusion pour recevoir les derni\u00e8res nouvelles [&hellip;]\" \/>\n<meta property=\"og:url\" content=\"https:\/\/wellness4ever.lu\/en\/contact\/\" \/>\n<meta property=\"og:site_name\" content=\"Wellness 4 Ever\" \/>\n<meta property=\"article:modified_time\" content=\"2022-06-27T16:42:39+00:00\" \/>\n<meta name=\"twitter:card\" content=\"summary_large_image\" \/>\n<script type=\"application\/ld+json\" class=\"yoast-schema-graph\">{\"@context\":\"https:\/\/schema.org\",\"@graph\":[{\"@type\":\"WebPage\",\"@id\":\"https:\/\/wellness4ever.lu\/en\/contact\/\",\"url\":\"https:\/\/wellness4ever.lu\/en\/contact\/\",\"name\":\"CONTACT | Wellness 4 Ever\",\"isPartOf\":{\"@id\":\"https:\/\/wellness4ever.lu\/en\/#website\"},\"datePublished\":\"2022-01-13T09:20:22+00:00\",\"dateModified\":\"2022-06-27T16:42:39+00:00\",\"breadcrumb\":{\"@id\":\"https:\/\/wellness4ever.lu\/en\/contact\/#breadcrumb\"},\"inLanguage\":\"en-US\",\"potentialAction\":[{\"@type\":\"ReadAction\",\"target\":[\"https:\/\/wellness4ever.lu\/en\/contact\/\"]}]},{\"@type\":\"BreadcrumbList\",\"@id\":\"https:\/\/wellness4ever.lu\/en\/contact\/#breadcrumb\",\"itemListElement\":[{\"@type\":\"ListItem\",\"position\":1,\"name\":\"Accueil\",\"item\":\"https:\/\/wellness4ever.lu\/en\/\"},{\"@type\":\"ListItem\",\"position\":2,\"name\":\"CONTACT\"}]},{\"@type\":\"WebSite\",\"@id\":\"https:\/\/wellness4ever.lu\/en\/#website\",\"url\":\"https:\/\/wellness4ever.lu\/en\/\",\"name\":\"Wellness 4 Ever\",\"description\":\"Massage Th\u00e9rapeutique \u00e0 Mamer | Wellness4Ever : Centre de Massage\",\"publisher\":{\"@id\":\"https:\/\/wellness4ever.lu\/en\/#organization\"},\"potentialAction\":[{\"@type\":\"SearchAction\",\"target\":{\"@type\":\"EntryPoint\",\"urlTemplate\":\"https:\/\/wellness4ever.lu\/en\/?s={search_term_string}\"},\"query-input\":\"required name=search_term_string\"}],\"inLanguage\":\"en-US\"},{\"@type\":\"Organization\",\"@id\":\"https:\/\/wellness4ever.lu\/en\/#organization\",\"name\":\"Wellness4Ever : Centre de Massage\",\"url\":\"https:\/\/wellness4ever.lu\/en\/\",\"logo\":{\"@type\":\"ImageObject\",\"inLanguage\":\"en-US\",\"@id\":\"https:\/\/wellness4ever.lu\/en\/#\/schema\/logo\/image\/\",\"url\":\"https:\/\/i0.wp.com\/wellness4ever.lu\/wp-content\/uploads\/2022\/04\/JPEG-01.jpg?fit=1058%2C1046&ssl=1\",\"contentUrl\":\"https:\/\/i0.wp.com\/wellness4ever.lu\/wp-content\/uploads\/2022\/04\/JPEG-01.jpg?fit=1058%2C1046&ssl=1\",\"width\":1058,\"height\":1046,\"caption\":\"Wellness4Ever : Centre de Massage\"},\"image\":{\"@id\":\"https:\/\/wellness4ever.lu\/en\/#\/schema\/logo\/image\/\"}}]}<\/script>\n<!-- \/ Yoast SEO plugin. -->","yoast_head_json":{"title":"CONTACT | Wellness 4 Ever","robots":{"index":"index","follow":"follow","max-snippet":"max-snippet:-1","max-image-preview":"max-image-preview:large","max-video-preview":"max-video-preview:-1"},"canonical":"https:\/\/wellness4ever.lu\/en\/contact\/","og_locale":"en_US","og_type":"article","og_title":"CONTACT | Wellness 4 Ever","og_description":"Wellness4Ever Adresse 102 route d&#8217;ArlonL-8210 Mamer Parking avec Google Map:Rue Sigefroi, Mamer infowellness4ever@gmail.com R\u00e9servez votre massage facebook instagram Envoyez-nous votre message : L\u2019\u00e9quipe de Wellness4Ever adorerait avoir de vos nouvelles ! Joignez-nous via les m\u00e9thodes ci-dessous et nous vous recontacterons imm\u00e9diatement Abonnez-vous \u00e0 notre bulletin Rejoignez notre liste de diffusion pour recevoir les derni\u00e8res nouvelles [&hellip;]","og_url":"https:\/\/wellness4ever.lu\/en\/contact\/","og_site_name":"Wellness 4 Ever","article_modified_time":"2022-06-27T16:42:39+00:00","twitter_card":"summary_large_image","schema":{"@context":"https:\/\/schema.org","@graph":[{"@type":"WebPage","@id":"https:\/\/wellness4ever.lu\/en\/contact\/","url":"https:\/\/wellness4ever.lu\/en\/contact\/","name":"CONTACT | Wellness 4 Ever","isPartOf":{"@id":"https:\/\/wellness4ever.lu\/en\/#website"},"datePublished":"2022-01-13T09:20:22+00:00","dateModified":"2022-06-27T16:42:39+00:00","breadcrumb":{"@id":"https:\/\/wellness4ever.lu\/en\/contact\/#breadcrumb"},"inLanguage":"en-US","potentialAction":[{"@type":"ReadAction","target":["https:\/\/wellness4ever.lu\/en\/contact\/"]}]},{"@type":"BreadcrumbList","@id":"https:\/\/wellness4ever.lu\/en\/contact\/#breadcrumb","itemListElement":[{"@type":"ListItem","position":1,"name":"Accueil","item":"https:\/\/wellness4ever.lu\/en\/"},{"@type":"ListItem","position":2,"name":"CONTACT"}]},{"@type":"WebSite","@id":"https:\/\/wellness4ever.lu\/en\/#website","url":"https:\/\/wellness4ever.lu\/en\/","name":"Wellness 4 Ever","description":"Massage Th\u00e9rapeutique \u00e0 Mamer | Wellness4Ever : Centre de Massage","publisher":{"@id":"https:\/\/wellness4ever.lu\/en\/#organization"},"potentialAction":[{"@type":"SearchAction","target":{"@type":"EntryPoint","urlTemplate":"https:\/\/wellness4ever.lu\/en\/?s={search_term_string}"},"query-input":"required name=search_term_string"}],"inLanguage":"en-US"},{"@type":"Organization","@id":"https:\/\/wellness4ever.lu\/en\/#organization","name":"Wellness4Ever : Centre de Massage","url":"https:\/\/wellness4ever.lu\/en\/","logo":{"@type":"ImageObject","inLanguage":"en-US","@id":"https:\/\/wellness4ever.lu\/en\/#\/schema\/logo\/image\/","url":"https:\/\/i0.wp.com\/wellness4ever.lu\/wp-content\/uploads\/2022\/04\/JPEG-01.jpg?fit=1058%2C1046&ssl=1","contentUrl":"https:\/\/i0.wp.com\/wellness4ever.lu\/wp-content\/uploads\/2022\/04\/JPEG-01.jpg?fit=1058%2C1046&ssl=1","width":1058,"height":1046,"caption":"Wellness4Ever : Centre de Massage"},"image":{"@id":"https:\/\/wellness4ever.lu\/en\/#\/schema\/logo\/image\/"}}]}},"_links":{"self":[{"href":"https:\/\/wellness4ever.lu\/en\/wp-json\/wp\/v2\/pages\/1331","targetHints":{"allow":["GET"]}}],"collection":[{"href":"https:\/\/wellness4ever.lu\/en\/wp-json\/wp\/v2\/pages"}],"about":[{"href":"https:\/\/wellness4ever.lu\/en\/wp-json\/wp\/v2\/types\/page"}],"author":[{"embeddable":true,"href":"https:\/\/wellness4ever.lu\/en\/wp-json\/wp\/v2\/users\/1"}],"replies":[{"embeddable":true,"href":"https:\/\/wellness4ever.lu\/en\/wp-json\/wp\/v2\/comments?post=1331"}],"version-history":[{"count":4,"href":"https:\/\/wellness4ever.lu\/en\/wp-json\/wp\/v2\/pages\/1331\/revisions"}],"predecessor-version":[{"id":2277,"href":"https:\/\/wellness4ever.lu\/en\/wp-json\/wp\/v2\/pages\/1331\/revisions\/2277"}],"wp:attachment":[{"href":"https:\/\/wellness4ever.lu\/en\/wp-json\/wp\/v2\/media?parent=1331"}],"curies":[{"name":"wp","href":"https:\/\/api.w.org\/{rel}","templated":true}]}}