{"id":2298,"date":"2022-06-28T07:11:12","date_gmt":"2022-06-28T07:11:12","guid":{"rendered":"http:\/\/wellness4ever.lu\/?post_type=product&#038;p=2298"},"modified":"2022-06-28T07:17:13","modified_gmt":"2022-06-28T07:17:13","slug":"advanced-under-eye-serum-with-stem-cells","status":"publish","type":"product","link":"https:\/\/wellness4ever.lu\/de\/produkt\/advanced-under-eye-serum-with-stem-cells\/","title":{"rendered":"Advanced Under-Eye Serum with Stem Cells"},"content":{"rendered":"","protected":false},"excerpt":{"rendered":"<div class=\"h3 product-detail-description-title\">\n<div class=\"h3 product-detail-description-title\">\n<div class=\"h3 product-detail-description-title\">Produktdetails &#8222;Advanced Under-Eye Serum with Stem Cells&#8220;<\/div>\n<div class=\"product-detail-description-text\">\n<p>Der Bereich weicher Haut rund um Ihre Augen ist hochgradig anf\u201ellig f\u00fcr die sichtbaren Zeichen der Hautalterung (von Falten \u00fcber Kr\u201ehenf\u00fc\u00e1e bis hin zu feinen Linien und Schwellungen); das liegt einfach daran, dass diese Haut d\u00fcnner und empfindlicher als andere Bereiche Ihres Gesichts ist ? mit weniger subkutanem Fett zur Erhaltung der Geschmeidigkeit. Zus\u201etzlich spannen sich die unterliegenden Muskeln in dieser Region stets an, wenn Sie Ihren Gesichtsausdruck ver\u201endern, was nach und nach die empfindliche Kollagenmatrix abtr\u201egt. Daher enth\u201elt das Advanced Under Eye Serum mit Stammzellen Wirkstoffe, die diese unerw\u00fcnschten Auswirkungen der Alterung bek\u00e4mpfen.<\/p>\n<p>Pflanzliche Stammzellen agieren genauso wie Stammzellen in Menschen ? sie besitzen die regenerative F\u201ehigkeit, sich zu einer anderen Zellart zu entwickeln. Das Advanced Under Eye Serum enth\u201elt Stammzellen aus einer Gattung eines Schweizer Apfels, die ausweislich einer klinischen Studie Falten nach nur einem Monat um 15% reduzieren.141<\/p>\n<p>Diese Formel beinhaltet auch feuchtigkeitsspendende Extrakte von Reiskleie und Soja, die dazu beitragen, die Haut weich und geschmeidig zu erhalten. Eine aktuelle Untersuchung einer sojabasierten Komponente zeigte bei 65 alternden Frauen nach nur 12 Wochen eine verringerte Rauheit und verbesserte Reinheit der Haut.142<\/p>\n<p>Und da es nur wenige Fr\u00fcchte gibt, die den Granatapfel und die Blaubeere (reich an Polyphenolen) im Hinblick auf ihre antioxidativen F\u201ehigkeiten \u00fcbertreffen k\u201dnnen, ist diese Formel mit genau diesen angereichert, um die weiche Haut rund um die Augen zu unterst\u00fctzen ? und vor den \u201eu\u00e1eren Einfl\u00fcssen, die zu diesem bei alternden Menschen allzu h\u201eufig zu beobachtenden faltigen, trockenen Aussehen f\u00fchren, zu sch\u00fctzen.<\/p>\n<\/div>\n<\/div>\n<\/div>\n","protected":false},"featured_media":2302,"comment_status":"closed","ping_status":"closed","template":"","meta":[],"product_cat":[47],"product_tag":[],"class_list":["post-2298","product","type-product","status-publish","has-post-thumbnail","hentry","product_cat-koerper-und-gesichtspflege"],"yoast_head":"<!-- This site is optimized with the Yoast SEO plugin v19.11 - https:\/\/yoast.com\/wordpress\/plugins\/seo\/ -->\n<title>Advanced Under-Eye Serum with Stem Cells | Wellness 4 Ever<\/title>\n<meta name=\"robots\" content=\"index, follow, max-snippet:-1, max-image-preview:large, max-video-preview:-1\" \/>\n<link rel=\"canonical\" href=\"https:\/\/wellness4ever.lu\/de\/produkt\/advanced-under-eye-serum-with-stem-cells\/\" \/>\n<meta property=\"og:locale\" content=\"de_DE\" \/>\n<meta property=\"og:type\" content=\"article\" \/>\n<meta property=\"og:title\" content=\"Advanced Under-Eye Serum with Stem Cells | Wellness 4 Ever\" \/>\n<meta property=\"og:description\" content=\"Produktdetails &quot;Advanced Under-Eye Serum with Stem Cells&quot;   Der Bereich weicher Haut rund um Ihre Augen ist hochgradig anf\u201ellig f\u00fcr die sichtbaren Zeichen der Hautalterung (von Falten \u00fcber Kr\u201ehenf\u00fc\u00e1e bis hin zu feinen Linien und Schwellungen); das liegt einfach daran, dass diese Haut d\u00fcnner und empfindlicher als andere Bereiche Ihres Gesichts ist ? mit weniger subkutanem Fett zur Erhaltung der Geschmeidigkeit. Zus\u201etzlich spannen sich die unterliegenden Muskeln in dieser Region stets an, wenn Sie Ihren Gesichtsausdruck ver\u201endern, was nach und nach die empfindliche Kollagenmatrix abtr\u201egt. Daher enth\u201elt das Advanced Under Eye Serum mit Stammzellen Wirkstoffe, die diese unerw\u00fcnschten Auswirkungen der Alterung bek\u00e4mpfen.  Pflanzliche Stammzellen agieren genauso wie Stammzellen in Menschen ? sie besitzen die regenerative F\u201ehigkeit, sich zu einer anderen Zellart zu entwickeln. Das Advanced Under Eye Serum enth\u201elt Stammzellen aus einer Gattung eines Schweizer Apfels, die ausweislich einer klinischen Studie Falten nach nur einem Monat um 15% reduzieren.141  Diese Formel beinhaltet auch feuchtigkeitsspendende Extrakte von Reiskleie und Soja, die dazu beitragen, die Haut weich und geschmeidig zu erhalten. Eine aktuelle Untersuchung einer sojabasierten Komponente zeigte bei 65 alternden Frauen nach nur 12 Wochen eine verringerte Rauheit und verbesserte Reinheit der Haut.142  Und da es nur wenige Fr\u00fcchte gibt, die den Granatapfel und die Blaubeere (reich an Polyphenolen) im Hinblick auf ihre antioxidativen F\u201ehigkeiten \u00fcbertreffen k\u201dnnen, ist diese Formel mit genau diesen angereichert, um die weiche Haut rund um die Augen zu unterst\u00fctzen ? und vor den \u201eu\u00e1eren Einfl\u00fcssen, die zu diesem bei alternden Menschen allzu h\u201eufig zu beobachtenden faltigen, trockenen Aussehen f\u00fchren, zu sch\u00fctzen.\" \/>\n<meta property=\"og:url\" content=\"https:\/\/wellness4ever.lu\/de\/produkt\/advanced-under-eye-serum-with-stem-cells\/\" \/>\n<meta property=\"og:site_name\" content=\"Wellness 4 Ever\" \/>\n<meta property=\"article:modified_time\" content=\"2022-06-28T07:17:13+00:00\" \/>\n<meta property=\"og:image\" content=\"https:\/\/wellness4ever.lu\/wp-content\/uploads\/2022\/06\/Advanced-Under-Eye-Serum.webp\" \/>\n\t<meta property=\"og:image:width\" content=\"800\" \/>\n\t<meta property=\"og:image:height\" content=\"800\" \/>\n\t<meta property=\"og:image:type\" content=\"image\/webp\" \/>\n<meta name=\"twitter:card\" content=\"summary_large_image\" \/>\n<script type=\"application\/ld+json\" class=\"yoast-schema-graph\">{\"@context\":\"https:\/\/schema.org\",\"@graph\":[{\"@type\":\"WebPage\",\"@id\":\"https:\/\/wellness4ever.lu\/de\/produkt\/advanced-under-eye-serum-with-stem-cells\/\",\"url\":\"https:\/\/wellness4ever.lu\/de\/produkt\/advanced-under-eye-serum-with-stem-cells\/\",\"name\":\"Advanced Under-Eye Serum with Stem Cells | Wellness 4 Ever\",\"isPartOf\":{\"@id\":\"https:\/\/wellness4ever.lu\/de\/#website\"},\"datePublished\":\"2022-06-28T07:11:12+00:00\",\"dateModified\":\"2022-06-28T07:17:13+00:00\",\"breadcrumb\":{\"@id\":\"https:\/\/wellness4ever.lu\/de\/produkt\/advanced-under-eye-serum-with-stem-cells\/#breadcrumb\"},\"inLanguage\":\"de\",\"potentialAction\":[{\"@type\":\"ReadAction\",\"target\":[\"https:\/\/wellness4ever.lu\/de\/produkt\/advanced-under-eye-serum-with-stem-cells\/\"]}]},{\"@type\":\"BreadcrumbList\",\"@id\":\"https:\/\/wellness4ever.lu\/de\/produkt\/advanced-under-eye-serum-with-stem-cells\/#breadcrumb\",\"itemListElement\":[{\"@type\":\"ListItem\",\"position\":1,\"name\":\"Accueil\",\"item\":\"https:\/\/wellness4ever.lu\/de\/\"},{\"@type\":\"ListItem\",\"position\":2,\"name\":\"Shop\",\"item\":\"https:\/\/wellness4ever.lu\/shop\/\"},{\"@type\":\"ListItem\",\"position\":3,\"name\":\"Advanced Under-Eye Serum with Stem Cells\"}]},{\"@type\":\"WebSite\",\"@id\":\"https:\/\/wellness4ever.lu\/de\/#website\",\"url\":\"https:\/\/wellness4ever.lu\/de\/\",\"name\":\"Wellness 4 Ever\",\"description\":\"Massage Th\u00e9rapeutique \u00e0 Mamer | Wellness4Ever : Centre de Massage\",\"publisher\":{\"@id\":\"https:\/\/wellness4ever.lu\/de\/#organization\"},\"potentialAction\":[{\"@type\":\"SearchAction\",\"target\":{\"@type\":\"EntryPoint\",\"urlTemplate\":\"https:\/\/wellness4ever.lu\/de\/?s={search_term_string}\"},\"query-input\":\"required name=search_term_string\"}],\"inLanguage\":\"de\"},{\"@type\":\"Organization\",\"@id\":\"https:\/\/wellness4ever.lu\/de\/#organization\",\"name\":\"Wellness4Ever : Centre de Massage\",\"url\":\"https:\/\/wellness4ever.lu\/de\/\",\"logo\":{\"@type\":\"ImageObject\",\"inLanguage\":\"de\",\"@id\":\"https:\/\/wellness4ever.lu\/de\/#\/schema\/logo\/image\/\",\"url\":\"https:\/\/i0.wp.com\/wellness4ever.lu\/wp-content\/uploads\/2022\/04\/JPEG-01.jpg?fit=1058%2C1046&ssl=1\",\"contentUrl\":\"https:\/\/i0.wp.com\/wellness4ever.lu\/wp-content\/uploads\/2022\/04\/JPEG-01.jpg?fit=1058%2C1046&ssl=1\",\"width\":1058,\"height\":1046,\"caption\":\"Wellness4Ever : Centre de Massage\"},\"image\":{\"@id\":\"https:\/\/wellness4ever.lu\/de\/#\/schema\/logo\/image\/\"}}]}<\/script>\n<!-- \/ Yoast SEO plugin. -->","yoast_head_json":{"title":"Advanced Under-Eye Serum with Stem Cells | Wellness 4 Ever","robots":{"index":"index","follow":"follow","max-snippet":"max-snippet:-1","max-image-preview":"max-image-preview:large","max-video-preview":"max-video-preview:-1"},"canonical":"https:\/\/wellness4ever.lu\/de\/produkt\/advanced-under-eye-serum-with-stem-cells\/","og_locale":"de_DE","og_type":"article","og_title":"Advanced Under-Eye Serum with Stem Cells | Wellness 4 Ever","og_description":"Produktdetails \"Advanced Under-Eye Serum with Stem Cells\"   Der Bereich weicher Haut rund um Ihre Augen ist hochgradig anf\u201ellig f\u00fcr die sichtbaren Zeichen der Hautalterung (von Falten \u00fcber Kr\u201ehenf\u00fc\u00e1e bis hin zu feinen Linien und Schwellungen); das liegt einfach daran, dass diese Haut d\u00fcnner und empfindlicher als andere Bereiche Ihres Gesichts ist ? mit weniger subkutanem Fett zur Erhaltung der Geschmeidigkeit. Zus\u201etzlich spannen sich die unterliegenden Muskeln in dieser Region stets an, wenn Sie Ihren Gesichtsausdruck ver\u201endern, was nach und nach die empfindliche Kollagenmatrix abtr\u201egt. Daher enth\u201elt das Advanced Under Eye Serum mit Stammzellen Wirkstoffe, die diese unerw\u00fcnschten Auswirkungen der Alterung bek\u00e4mpfen.  Pflanzliche Stammzellen agieren genauso wie Stammzellen in Menschen ? sie besitzen die regenerative F\u201ehigkeit, sich zu einer anderen Zellart zu entwickeln. Das Advanced Under Eye Serum enth\u201elt Stammzellen aus einer Gattung eines Schweizer Apfels, die ausweislich einer klinischen Studie Falten nach nur einem Monat um 15% reduzieren.141  Diese Formel beinhaltet auch feuchtigkeitsspendende Extrakte von Reiskleie und Soja, die dazu beitragen, die Haut weich und geschmeidig zu erhalten. Eine aktuelle Untersuchung einer sojabasierten Komponente zeigte bei 65 alternden Frauen nach nur 12 Wochen eine verringerte Rauheit und verbesserte Reinheit der Haut.142  Und da es nur wenige Fr\u00fcchte gibt, die den Granatapfel und die Blaubeere (reich an Polyphenolen) im Hinblick auf ihre antioxidativen F\u201ehigkeiten \u00fcbertreffen k\u201dnnen, ist diese Formel mit genau diesen angereichert, um die weiche Haut rund um die Augen zu unterst\u00fctzen ? und vor den \u201eu\u00e1eren Einfl\u00fcssen, die zu diesem bei alternden Menschen allzu h\u201eufig zu beobachtenden faltigen, trockenen Aussehen f\u00fchren, zu sch\u00fctzen.","og_url":"https:\/\/wellness4ever.lu\/de\/produkt\/advanced-under-eye-serum-with-stem-cells\/","og_site_name":"Wellness 4 Ever","article_modified_time":"2022-06-28T07:17:13+00:00","og_image":[{"width":800,"height":800,"url":"https:\/\/wellness4ever.lu\/wp-content\/uploads\/2022\/06\/Advanced-Under-Eye-Serum.webp","type":"image\/webp"}],"twitter_card":"summary_large_image","schema":{"@context":"https:\/\/schema.org","@graph":[{"@type":"WebPage","@id":"https:\/\/wellness4ever.lu\/de\/produkt\/advanced-under-eye-serum-with-stem-cells\/","url":"https:\/\/wellness4ever.lu\/de\/produkt\/advanced-under-eye-serum-with-stem-cells\/","name":"Advanced Under-Eye Serum with Stem Cells | Wellness 4 Ever","isPartOf":{"@id":"https:\/\/wellness4ever.lu\/de\/#website"},"datePublished":"2022-06-28T07:11:12+00:00","dateModified":"2022-06-28T07:17:13+00:00","breadcrumb":{"@id":"https:\/\/wellness4ever.lu\/de\/produkt\/advanced-under-eye-serum-with-stem-cells\/#breadcrumb"},"inLanguage":"de","potentialAction":[{"@type":"ReadAction","target":["https:\/\/wellness4ever.lu\/de\/produkt\/advanced-under-eye-serum-with-stem-cells\/"]}]},{"@type":"BreadcrumbList","@id":"https:\/\/wellness4ever.lu\/de\/produkt\/advanced-under-eye-serum-with-stem-cells\/#breadcrumb","itemListElement":[{"@type":"ListItem","position":1,"name":"Accueil","item":"https:\/\/wellness4ever.lu\/de\/"},{"@type":"ListItem","position":2,"name":"Shop","item":"https:\/\/wellness4ever.lu\/shop\/"},{"@type":"ListItem","position":3,"name":"Advanced Under-Eye Serum with Stem Cells"}]},{"@type":"WebSite","@id":"https:\/\/wellness4ever.lu\/de\/#website","url":"https:\/\/wellness4ever.lu\/de\/","name":"Wellness 4 Ever","description":"Massage Th\u00e9rapeutique \u00e0 Mamer | Wellness4Ever : Centre de Massage","publisher":{"@id":"https:\/\/wellness4ever.lu\/de\/#organization"},"potentialAction":[{"@type":"SearchAction","target":{"@type":"EntryPoint","urlTemplate":"https:\/\/wellness4ever.lu\/de\/?s={search_term_string}"},"query-input":"required name=search_term_string"}],"inLanguage":"de"},{"@type":"Organization","@id":"https:\/\/wellness4ever.lu\/de\/#organization","name":"Wellness4Ever : Centre de Massage","url":"https:\/\/wellness4ever.lu\/de\/","logo":{"@type":"ImageObject","inLanguage":"de","@id":"https:\/\/wellness4ever.lu\/de\/#\/schema\/logo\/image\/","url":"https:\/\/i0.wp.com\/wellness4ever.lu\/wp-content\/uploads\/2022\/04\/JPEG-01.jpg?fit=1058%2C1046&ssl=1","contentUrl":"https:\/\/i0.wp.com\/wellness4ever.lu\/wp-content\/uploads\/2022\/04\/JPEG-01.jpg?fit=1058%2C1046&ssl=1","width":1058,"height":1046,"caption":"Wellness4Ever : Centre de Massage"},"image":{"@id":"https:\/\/wellness4ever.lu\/de\/#\/schema\/logo\/image\/"}}]}},"_links":{"self":[{"href":"https:\/\/wellness4ever.lu\/de\/wp-json\/wp\/v2\/product\/2298","targetHints":{"allow":["GET"]}}],"collection":[{"href":"https:\/\/wellness4ever.lu\/de\/wp-json\/wp\/v2\/product"}],"about":[{"href":"https:\/\/wellness4ever.lu\/de\/wp-json\/wp\/v2\/types\/product"}],"replies":[{"embeddable":true,"href":"https:\/\/wellness4ever.lu\/de\/wp-json\/wp\/v2\/comments?post=2298"}],"wp:featuredmedia":[{"embeddable":true,"href":"https:\/\/wellness4ever.lu\/de\/wp-json\/wp\/v2\/media\/2302"}],"wp:attachment":[{"href":"https:\/\/wellness4ever.lu\/de\/wp-json\/wp\/v2\/media?parent=2298"}],"wp:term":[{"taxonomy":"product_cat","embeddable":true,"href":"https:\/\/wellness4ever.lu\/de\/wp-json\/wp\/v2\/product_cat?post=2298"},{"taxonomy":"product_tag","embeddable":true,"href":"https:\/\/wellness4ever.lu\/de\/wp-json\/wp\/v2\/product_tag?post=2298"}],"curies":[{"name":"wp","href":"https:\/\/api.w.org\/{rel}","templated":true}]}}