{"id":2292,"date":"2022-06-28T06:42:26","date_gmt":"2022-06-28T06:42:26","guid":{"rendered":"http:\/\/wellness4ever.lu\/?post_type=product&#038;p=2292"},"modified":"2022-06-28T07:09:02","modified_gmt":"2022-06-28T07:09:02","slug":"anti-ageing-mask","status":"publish","type":"product","link":"https:\/\/wellness4ever.lu\/de\/produkt\/anti-ageing-mask\/","title":{"rendered":"Anti-Ageing Mask"},"content":{"rendered":"","protected":false},"excerpt":{"rendered":"<div class=\"h3 product-detail-description-title\">\n<div class=\"h3 product-detail-description-title\">Produktdetails &#8222;Vitamin C Serum&#8220;<\/div>\n<div class=\"product-detail-description-text\">\n<p>Der renommierte Dermatologe Gary Goldfaden, M.D., hat neuartige L\u00f6sungen f\u00fcr die h\u00e4ufigsten Hautprobleme reifer Menschen entwickelt. Auf Grundlage intensiver klinischer Tests enthalten diese Formeln wirksame antioxidative Teeextrakte (von rotem, gr\u00fcnem und wei\u00dfem Tee), um bestimmte Hautprobleme zu korrigieren; dazu geh\u00f6ren etwa Schatten und Schwellungen unter den Augen, feine Linien, raue Haut, schlaffe Haut und mehr. Diese Produkte k\u00f6nnen mit anderen Hautbehandlungen oder Produkten kombiniert werden. Sie werden speziell und exklusiv f\u00fcr Life Extension entwickelt.<\/p>\n<p>Das Vitamin C Serum verj\u00fcngt und sch\u00fctzt gestresste Haut. Vitamin C in einer hochwirksamen Konzentration von 12% verbessert Strahlkraft, Teint und Struktur dehydrierter Haut. Dieser spezielle Mix aus Vitamin C und konzentrierten Teeextrakten beinhaltet auch effektive Antioxidantien. Das Vitamin C Serum spendet der Haut dar\u00fcber hinaus intensive Feuchtigkeit.<\/p>\n<\/div>\n<\/div>\n<div class=\"product-detail-description-text\">\n<ul>\n<li>die Kollagenbildung anzukurbeln<\/li>\n<li>lichtinduzierte Sch\u00e4den zu reduzieren<\/li>\n<li>die Heutfeuchtigkeit zu erh\u00f6hen<\/li>\n<li>Hautunreinheiten abzumildern<\/li>\n<li>Hautverf\u00e4rbungen entgegenzuwirken<\/li>\n<\/ul>\n<\/div>\n","protected":false},"featured_media":2296,"comment_status":"closed","ping_status":"closed","template":"","meta":[],"product_cat":[47],"product_tag":[],"class_list":["post-2292","product","type-product","status-publish","has-post-thumbnail","hentry","product_cat-koerper-und-gesichtspflege"],"yoast_head":"<!-- This site is optimized with the Yoast SEO plugin v19.11 - https:\/\/yoast.com\/wordpress\/plugins\/seo\/ -->\n<title>Anti-Ageing Mask | Wellness 4 Ever<\/title>\n<meta name=\"robots\" content=\"index, follow, max-snippet:-1, max-image-preview:large, max-video-preview:-1\" \/>\n<link rel=\"canonical\" href=\"https:\/\/wellness4ever.lu\/de\/produkt\/anti-ageing-mask\/\" \/>\n<meta property=\"og:locale\" content=\"de_DE\" \/>\n<meta property=\"og:type\" content=\"article\" \/>\n<meta property=\"og:title\" content=\"Anti-Ageing Mask | Wellness 4 Ever\" \/>\n<meta property=\"og:description\" content=\"Produktdetails &quot;Vitamin C Serum&quot;   Der renommierte Dermatologe Gary Goldfaden, M.D., hat neuartige L\u00f6sungen f\u00fcr die h\u00e4ufigsten Hautprobleme reifer Menschen entwickelt. Auf Grundlage intensiver klinischer Tests enthalten diese Formeln wirksame antioxidative Teeextrakte (von rotem, gr\u00fcnem und wei\u00dfem Tee), um bestimmte Hautprobleme zu korrigieren; dazu geh\u00f6ren etwa Schatten und Schwellungen unter den Augen, feine Linien, raue Haut, schlaffe Haut und mehr. Diese Produkte k\u00f6nnen mit anderen Hautbehandlungen oder Produkten kombiniert werden. Sie werden speziell und exklusiv f\u00fcr Life Extension entwickelt.  Das Vitamin C Serum verj\u00fcngt und sch\u00fctzt gestresste Haut. Vitamin C in einer hochwirksamen Konzentration von 12% verbessert Strahlkraft, Teint und Struktur dehydrierter Haut. Dieser spezielle Mix aus Vitamin C und konzentrierten Teeextrakten beinhaltet auch effektive Antioxidantien. Das Vitamin C Serum spendet der Haut dar\u00fcber hinaus intensive Feuchtigkeit.       die Kollagenbildung anzukurbeln  lichtinduzierte Sch\u00e4den zu reduzieren  die Heutfeuchtigkeit zu erh\u00f6hen  Hautunreinheiten abzumildern  Hautverf\u00e4rbungen entgegenzuwirken\" \/>\n<meta property=\"og:url\" content=\"https:\/\/wellness4ever.lu\/de\/produkt\/anti-ageing-mask\/\" \/>\n<meta property=\"og:site_name\" content=\"Wellness 4 Ever\" \/>\n<meta property=\"article:modified_time\" content=\"2022-06-28T07:09:02+00:00\" \/>\n<meta property=\"og:image\" content=\"https:\/\/wellness4ever.lu\/wp-content\/uploads\/2022\/06\/Anti-Aging-Mask.webp\" \/>\n\t<meta property=\"og:image:width\" content=\"800\" \/>\n\t<meta property=\"og:image:height\" content=\"800\" \/>\n\t<meta property=\"og:image:type\" content=\"image\/webp\" \/>\n<meta name=\"twitter:card\" content=\"summary_large_image\" \/>\n<script type=\"application\/ld+json\" class=\"yoast-schema-graph\">{\"@context\":\"https:\/\/schema.org\",\"@graph\":[{\"@type\":\"WebPage\",\"@id\":\"https:\/\/wellness4ever.lu\/de\/produkt\/anti-ageing-mask\/\",\"url\":\"https:\/\/wellness4ever.lu\/de\/produkt\/anti-ageing-mask\/\",\"name\":\"Anti-Ageing Mask | Wellness 4 Ever\",\"isPartOf\":{\"@id\":\"https:\/\/wellness4ever.lu\/de\/#website\"},\"datePublished\":\"2022-06-28T06:42:26+00:00\",\"dateModified\":\"2022-06-28T07:09:02+00:00\",\"breadcrumb\":{\"@id\":\"https:\/\/wellness4ever.lu\/de\/produkt\/anti-ageing-mask\/#breadcrumb\"},\"inLanguage\":\"de\",\"potentialAction\":[{\"@type\":\"ReadAction\",\"target\":[\"https:\/\/wellness4ever.lu\/de\/produkt\/anti-ageing-mask\/\"]}]},{\"@type\":\"BreadcrumbList\",\"@id\":\"https:\/\/wellness4ever.lu\/de\/produkt\/anti-ageing-mask\/#breadcrumb\",\"itemListElement\":[{\"@type\":\"ListItem\",\"position\":1,\"name\":\"Accueil\",\"item\":\"https:\/\/wellness4ever.lu\/de\/\"},{\"@type\":\"ListItem\",\"position\":2,\"name\":\"Shop\",\"item\":\"https:\/\/wellness4ever.lu\/shop\/\"},{\"@type\":\"ListItem\",\"position\":3,\"name\":\"Anti-Ageing Mask\"}]},{\"@type\":\"WebSite\",\"@id\":\"https:\/\/wellness4ever.lu\/de\/#website\",\"url\":\"https:\/\/wellness4ever.lu\/de\/\",\"name\":\"Wellness 4 Ever\",\"description\":\"Massage Th\u00e9rapeutique \u00e0 Mamer | Wellness4Ever : Centre de Massage\",\"publisher\":{\"@id\":\"https:\/\/wellness4ever.lu\/de\/#organization\"},\"potentialAction\":[{\"@type\":\"SearchAction\",\"target\":{\"@type\":\"EntryPoint\",\"urlTemplate\":\"https:\/\/wellness4ever.lu\/de\/?s={search_term_string}\"},\"query-input\":\"required name=search_term_string\"}],\"inLanguage\":\"de\"},{\"@type\":\"Organization\",\"@id\":\"https:\/\/wellness4ever.lu\/de\/#organization\",\"name\":\"Wellness4Ever : Centre de Massage\",\"url\":\"https:\/\/wellness4ever.lu\/de\/\",\"logo\":{\"@type\":\"ImageObject\",\"inLanguage\":\"de\",\"@id\":\"https:\/\/wellness4ever.lu\/de\/#\/schema\/logo\/image\/\",\"url\":\"https:\/\/i0.wp.com\/wellness4ever.lu\/wp-content\/uploads\/2022\/04\/JPEG-01.jpg?fit=1058%2C1046&ssl=1\",\"contentUrl\":\"https:\/\/i0.wp.com\/wellness4ever.lu\/wp-content\/uploads\/2022\/04\/JPEG-01.jpg?fit=1058%2C1046&ssl=1\",\"width\":1058,\"height\":1046,\"caption\":\"Wellness4Ever : Centre de Massage\"},\"image\":{\"@id\":\"https:\/\/wellness4ever.lu\/de\/#\/schema\/logo\/image\/\"}}]}<\/script>\n<!-- \/ Yoast SEO plugin. -->","yoast_head_json":{"title":"Anti-Ageing Mask | Wellness 4 Ever","robots":{"index":"index","follow":"follow","max-snippet":"max-snippet:-1","max-image-preview":"max-image-preview:large","max-video-preview":"max-video-preview:-1"},"canonical":"https:\/\/wellness4ever.lu\/de\/produkt\/anti-ageing-mask\/","og_locale":"de_DE","og_type":"article","og_title":"Anti-Ageing Mask | Wellness 4 Ever","og_description":"Produktdetails \"Vitamin C Serum\"   Der renommierte Dermatologe Gary Goldfaden, M.D., hat neuartige L\u00f6sungen f\u00fcr die h\u00e4ufigsten Hautprobleme reifer Menschen entwickelt. Auf Grundlage intensiver klinischer Tests enthalten diese Formeln wirksame antioxidative Teeextrakte (von rotem, gr\u00fcnem und wei\u00dfem Tee), um bestimmte Hautprobleme zu korrigieren; dazu geh\u00f6ren etwa Schatten und Schwellungen unter den Augen, feine Linien, raue Haut, schlaffe Haut und mehr. Diese Produkte k\u00f6nnen mit anderen Hautbehandlungen oder Produkten kombiniert werden. Sie werden speziell und exklusiv f\u00fcr Life Extension entwickelt.  Das Vitamin C Serum verj\u00fcngt und sch\u00fctzt gestresste Haut. Vitamin C in einer hochwirksamen Konzentration von 12% verbessert Strahlkraft, Teint und Struktur dehydrierter Haut. Dieser spezielle Mix aus Vitamin C und konzentrierten Teeextrakten beinhaltet auch effektive Antioxidantien. Das Vitamin C Serum spendet der Haut dar\u00fcber hinaus intensive Feuchtigkeit.       die Kollagenbildung anzukurbeln  lichtinduzierte Sch\u00e4den zu reduzieren  die Heutfeuchtigkeit zu erh\u00f6hen  Hautunreinheiten abzumildern  Hautverf\u00e4rbungen entgegenzuwirken","og_url":"https:\/\/wellness4ever.lu\/de\/produkt\/anti-ageing-mask\/","og_site_name":"Wellness 4 Ever","article_modified_time":"2022-06-28T07:09:02+00:00","og_image":[{"width":800,"height":800,"url":"https:\/\/wellness4ever.lu\/wp-content\/uploads\/2022\/06\/Anti-Aging-Mask.webp","type":"image\/webp"}],"twitter_card":"summary_large_image","schema":{"@context":"https:\/\/schema.org","@graph":[{"@type":"WebPage","@id":"https:\/\/wellness4ever.lu\/de\/produkt\/anti-ageing-mask\/","url":"https:\/\/wellness4ever.lu\/de\/produkt\/anti-ageing-mask\/","name":"Anti-Ageing Mask | Wellness 4 Ever","isPartOf":{"@id":"https:\/\/wellness4ever.lu\/de\/#website"},"datePublished":"2022-06-28T06:42:26+00:00","dateModified":"2022-06-28T07:09:02+00:00","breadcrumb":{"@id":"https:\/\/wellness4ever.lu\/de\/produkt\/anti-ageing-mask\/#breadcrumb"},"inLanguage":"de","potentialAction":[{"@type":"ReadAction","target":["https:\/\/wellness4ever.lu\/de\/produkt\/anti-ageing-mask\/"]}]},{"@type":"BreadcrumbList","@id":"https:\/\/wellness4ever.lu\/de\/produkt\/anti-ageing-mask\/#breadcrumb","itemListElement":[{"@type":"ListItem","position":1,"name":"Accueil","item":"https:\/\/wellness4ever.lu\/de\/"},{"@type":"ListItem","position":2,"name":"Shop","item":"https:\/\/wellness4ever.lu\/shop\/"},{"@type":"ListItem","position":3,"name":"Anti-Ageing Mask"}]},{"@type":"WebSite","@id":"https:\/\/wellness4ever.lu\/de\/#website","url":"https:\/\/wellness4ever.lu\/de\/","name":"Wellness 4 Ever","description":"Massage Th\u00e9rapeutique \u00e0 Mamer | Wellness4Ever : Centre de Massage","publisher":{"@id":"https:\/\/wellness4ever.lu\/de\/#organization"},"potentialAction":[{"@type":"SearchAction","target":{"@type":"EntryPoint","urlTemplate":"https:\/\/wellness4ever.lu\/de\/?s={search_term_string}"},"query-input":"required name=search_term_string"}],"inLanguage":"de"},{"@type":"Organization","@id":"https:\/\/wellness4ever.lu\/de\/#organization","name":"Wellness4Ever : Centre de Massage","url":"https:\/\/wellness4ever.lu\/de\/","logo":{"@type":"ImageObject","inLanguage":"de","@id":"https:\/\/wellness4ever.lu\/de\/#\/schema\/logo\/image\/","url":"https:\/\/i0.wp.com\/wellness4ever.lu\/wp-content\/uploads\/2022\/04\/JPEG-01.jpg?fit=1058%2C1046&ssl=1","contentUrl":"https:\/\/i0.wp.com\/wellness4ever.lu\/wp-content\/uploads\/2022\/04\/JPEG-01.jpg?fit=1058%2C1046&ssl=1","width":1058,"height":1046,"caption":"Wellness4Ever : Centre de Massage"},"image":{"@id":"https:\/\/wellness4ever.lu\/de\/#\/schema\/logo\/image\/"}}]}},"_links":{"self":[{"href":"https:\/\/wellness4ever.lu\/de\/wp-json\/wp\/v2\/product\/2292","targetHints":{"allow":["GET"]}}],"collection":[{"href":"https:\/\/wellness4ever.lu\/de\/wp-json\/wp\/v2\/product"}],"about":[{"href":"https:\/\/wellness4ever.lu\/de\/wp-json\/wp\/v2\/types\/product"}],"replies":[{"embeddable":true,"href":"https:\/\/wellness4ever.lu\/de\/wp-json\/wp\/v2\/comments?post=2292"}],"wp:featuredmedia":[{"embeddable":true,"href":"https:\/\/wellness4ever.lu\/de\/wp-json\/wp\/v2\/media\/2296"}],"wp:attachment":[{"href":"https:\/\/wellness4ever.lu\/de\/wp-json\/wp\/v2\/media?parent=2292"}],"wp:term":[{"taxonomy":"product_cat","embeddable":true,"href":"https:\/\/wellness4ever.lu\/de\/wp-json\/wp\/v2\/product_cat?post=2292"},{"taxonomy":"product_tag","embeddable":true,"href":"https:\/\/wellness4ever.lu\/de\/wp-json\/wp\/v2\/product_tag?post=2292"}],"curies":[{"name":"wp","href":"https:\/\/api.w.org\/{rel}","templated":true}]}}