{"id":2225,"date":"2022-06-21T07:48:36","date_gmt":"2022-06-21T07:48:37","guid":{"rendered":"http:\/\/wellness4ever.lu\/?post_type=product&#038;p=2225"},"modified":"2022-06-21T08:06:03","modified_gmt":"2022-06-21T08:06:03","slug":"advanced-retinol-serum","status":"publish","type":"product","link":"https:\/\/wellness4ever.lu\/de\/produkt\/advanced-retinol-serum\/","title":{"rendered":"Advanced Retinol Serum"},"content":{"rendered":"","protected":false},"excerpt":{"rendered":"<p><strong>Die Wirkstoffe im Advanced Retinol Serum k\u00f6nnen:<\/strong><\/p>\n<ul>\n<li>helfen, die Hautzellen aufzuhellen, zu verj\u00fcngen und zu revitalisieren<\/li>\n<li>die Kollagenproduktion f\u00f6rdern und das Auftreten von feinen Linien und Falten reduzieren<\/li>\n<li>hilft, eine gleichm\u00e4\u00dfige Pigmentierung und Farbe der Haut zu erhalten<\/li>\n<\/ul>\n<p>Das <strong>Advanced Retinol Serum<\/strong> enth\u00e4lt drei verschiedene Vitamin-A-Derivate, die die Hauterneuerung anregen und f\u00fcr ein jugendlicheres Aussehen der Haut sorgen. Dar\u00fcber hinaus verf\u00fcgt es \u00fcber ein Abgabesystem, das Retinol allm\u00e4hlich in die Haut freisetzt.<\/p>\n","protected":false},"featured_media":2232,"comment_status":"closed","ping_status":"closed","template":"","meta":[],"product_cat":[47],"product_tag":[],"class_list":["post-2225","product","type-product","status-publish","has-post-thumbnail","hentry","product_cat-koerper-und-gesichtspflege"],"yoast_head":"<!-- This site is optimized with the Yoast SEO plugin v19.11 - https:\/\/yoast.com\/wordpress\/plugins\/seo\/ -->\n<title>Advanced Retinol Serum | Wellness 4 Ever<\/title>\n<meta name=\"robots\" content=\"index, follow, max-snippet:-1, max-image-preview:large, max-video-preview:-1\" \/>\n<link rel=\"canonical\" href=\"https:\/\/wellness4ever.lu\/de\/produkt\/advanced-retinol-serum\/\" \/>\n<meta property=\"og:locale\" content=\"de_DE\" \/>\n<meta property=\"og:type\" content=\"article\" \/>\n<meta property=\"og:title\" content=\"Advanced Retinol Serum | Wellness 4 Ever\" \/>\n<meta property=\"og:description\" content=\"Die Wirkstoffe im Advanced Retinol Serum k\u00f6nnen:   helfen, die Hautzellen aufzuhellen, zu verj\u00fcngen und zu revitalisieren  die Kollagenproduktion f\u00f6rdern und das Auftreten von feinen Linien und Falten reduzieren  hilft, eine gleichm\u00e4\u00dfige Pigmentierung und Farbe der Haut zu erhalten  Das Advanced Retinol Serum enth\u00e4lt drei verschiedene Vitamin-A-Derivate, die die Hauterneuerung anregen und f\u00fcr ein jugendlicheres Aussehen der Haut sorgen. Dar\u00fcber hinaus verf\u00fcgt es \u00fcber ein Abgabesystem, das Retinol allm\u00e4hlich in die Haut freisetzt.\" \/>\n<meta property=\"og:url\" content=\"https:\/\/wellness4ever.lu\/de\/produkt\/advanced-retinol-serum\/\" \/>\n<meta property=\"og:site_name\" content=\"Wellness 4 Ever\" \/>\n<meta property=\"article:modified_time\" content=\"2022-06-21T08:06:03+00:00\" \/>\n<meta property=\"og:image\" content=\"https:\/\/wellness4ever.lu\/wp-content\/uploads\/2022\/06\/Advanced-Retinol-Serum-1.webp\" \/>\n\t<meta property=\"og:image:width\" content=\"800\" \/>\n\t<meta property=\"og:image:height\" content=\"800\" \/>\n\t<meta property=\"og:image:type\" content=\"image\/webp\" \/>\n<meta name=\"twitter:card\" content=\"summary_large_image\" \/>\n<script type=\"application\/ld+json\" class=\"yoast-schema-graph\">{\"@context\":\"https:\/\/schema.org\",\"@graph\":[{\"@type\":\"WebPage\",\"@id\":\"https:\/\/wellness4ever.lu\/de\/produkt\/advanced-retinol-serum\/\",\"url\":\"https:\/\/wellness4ever.lu\/de\/produkt\/advanced-retinol-serum\/\",\"name\":\"Advanced Retinol Serum | Wellness 4 Ever\",\"isPartOf\":{\"@id\":\"https:\/\/wellness4ever.lu\/de\/#website\"},\"datePublished\":\"2022-06-21T07:48:37+00:00\",\"dateModified\":\"2022-06-21T08:06:03+00:00\",\"breadcrumb\":{\"@id\":\"https:\/\/wellness4ever.lu\/de\/produkt\/advanced-retinol-serum\/#breadcrumb\"},\"inLanguage\":\"de\",\"potentialAction\":[{\"@type\":\"ReadAction\",\"target\":[\"https:\/\/wellness4ever.lu\/de\/produkt\/advanced-retinol-serum\/\"]}]},{\"@type\":\"BreadcrumbList\",\"@id\":\"https:\/\/wellness4ever.lu\/de\/produkt\/advanced-retinol-serum\/#breadcrumb\",\"itemListElement\":[{\"@type\":\"ListItem\",\"position\":1,\"name\":\"Accueil\",\"item\":\"https:\/\/wellness4ever.lu\/de\/\"},{\"@type\":\"ListItem\",\"position\":2,\"name\":\"Shop\",\"item\":\"https:\/\/wellness4ever.lu\/shop\/\"},{\"@type\":\"ListItem\",\"position\":3,\"name\":\"Advanced Retinol Serum\"}]},{\"@type\":\"WebSite\",\"@id\":\"https:\/\/wellness4ever.lu\/de\/#website\",\"url\":\"https:\/\/wellness4ever.lu\/de\/\",\"name\":\"Wellness 4 Ever\",\"description\":\"Massage Th\u00e9rapeutique \u00e0 Mamer | Wellness4Ever : Centre de Massage\",\"publisher\":{\"@id\":\"https:\/\/wellness4ever.lu\/de\/#organization\"},\"potentialAction\":[{\"@type\":\"SearchAction\",\"target\":{\"@type\":\"EntryPoint\",\"urlTemplate\":\"https:\/\/wellness4ever.lu\/de\/?s={search_term_string}\"},\"query-input\":\"required name=search_term_string\"}],\"inLanguage\":\"de\"},{\"@type\":\"Organization\",\"@id\":\"https:\/\/wellness4ever.lu\/de\/#organization\",\"name\":\"Wellness4Ever : Centre de Massage\",\"url\":\"https:\/\/wellness4ever.lu\/de\/\",\"logo\":{\"@type\":\"ImageObject\",\"inLanguage\":\"de\",\"@id\":\"https:\/\/wellness4ever.lu\/de\/#\/schema\/logo\/image\/\",\"url\":\"https:\/\/i0.wp.com\/wellness4ever.lu\/wp-content\/uploads\/2022\/04\/JPEG-01.jpg?fit=1058%2C1046&ssl=1\",\"contentUrl\":\"https:\/\/i0.wp.com\/wellness4ever.lu\/wp-content\/uploads\/2022\/04\/JPEG-01.jpg?fit=1058%2C1046&ssl=1\",\"width\":1058,\"height\":1046,\"caption\":\"Wellness4Ever : Centre de Massage\"},\"image\":{\"@id\":\"https:\/\/wellness4ever.lu\/de\/#\/schema\/logo\/image\/\"}}]}<\/script>\n<!-- \/ Yoast SEO plugin. -->","yoast_head_json":{"title":"Advanced Retinol Serum | Wellness 4 Ever","robots":{"index":"index","follow":"follow","max-snippet":"max-snippet:-1","max-image-preview":"max-image-preview:large","max-video-preview":"max-video-preview:-1"},"canonical":"https:\/\/wellness4ever.lu\/de\/produkt\/advanced-retinol-serum\/","og_locale":"de_DE","og_type":"article","og_title":"Advanced Retinol Serum | Wellness 4 Ever","og_description":"Die Wirkstoffe im Advanced Retinol Serum k\u00f6nnen:   helfen, die Hautzellen aufzuhellen, zu verj\u00fcngen und zu revitalisieren  die Kollagenproduktion f\u00f6rdern und das Auftreten von feinen Linien und Falten reduzieren  hilft, eine gleichm\u00e4\u00dfige Pigmentierung und Farbe der Haut zu erhalten  Das Advanced Retinol Serum enth\u00e4lt drei verschiedene Vitamin-A-Derivate, die die Hauterneuerung anregen und f\u00fcr ein jugendlicheres Aussehen der Haut sorgen. Dar\u00fcber hinaus verf\u00fcgt es \u00fcber ein Abgabesystem, das Retinol allm\u00e4hlich in die Haut freisetzt.","og_url":"https:\/\/wellness4ever.lu\/de\/produkt\/advanced-retinol-serum\/","og_site_name":"Wellness 4 Ever","article_modified_time":"2022-06-21T08:06:03+00:00","og_image":[{"width":800,"height":800,"url":"https:\/\/wellness4ever.lu\/wp-content\/uploads\/2022\/06\/Advanced-Retinol-Serum-1.webp","type":"image\/webp"}],"twitter_card":"summary_large_image","schema":{"@context":"https:\/\/schema.org","@graph":[{"@type":"WebPage","@id":"https:\/\/wellness4ever.lu\/de\/produkt\/advanced-retinol-serum\/","url":"https:\/\/wellness4ever.lu\/de\/produkt\/advanced-retinol-serum\/","name":"Advanced Retinol Serum | Wellness 4 Ever","isPartOf":{"@id":"https:\/\/wellness4ever.lu\/de\/#website"},"datePublished":"2022-06-21T07:48:37+00:00","dateModified":"2022-06-21T08:06:03+00:00","breadcrumb":{"@id":"https:\/\/wellness4ever.lu\/de\/produkt\/advanced-retinol-serum\/#breadcrumb"},"inLanguage":"de","potentialAction":[{"@type":"ReadAction","target":["https:\/\/wellness4ever.lu\/de\/produkt\/advanced-retinol-serum\/"]}]},{"@type":"BreadcrumbList","@id":"https:\/\/wellness4ever.lu\/de\/produkt\/advanced-retinol-serum\/#breadcrumb","itemListElement":[{"@type":"ListItem","position":1,"name":"Accueil","item":"https:\/\/wellness4ever.lu\/de\/"},{"@type":"ListItem","position":2,"name":"Shop","item":"https:\/\/wellness4ever.lu\/shop\/"},{"@type":"ListItem","position":3,"name":"Advanced Retinol Serum"}]},{"@type":"WebSite","@id":"https:\/\/wellness4ever.lu\/de\/#website","url":"https:\/\/wellness4ever.lu\/de\/","name":"Wellness 4 Ever","description":"Massage Th\u00e9rapeutique \u00e0 Mamer | Wellness4Ever : Centre de Massage","publisher":{"@id":"https:\/\/wellness4ever.lu\/de\/#organization"},"potentialAction":[{"@type":"SearchAction","target":{"@type":"EntryPoint","urlTemplate":"https:\/\/wellness4ever.lu\/de\/?s={search_term_string}"},"query-input":"required name=search_term_string"}],"inLanguage":"de"},{"@type":"Organization","@id":"https:\/\/wellness4ever.lu\/de\/#organization","name":"Wellness4Ever : Centre de Massage","url":"https:\/\/wellness4ever.lu\/de\/","logo":{"@type":"ImageObject","inLanguage":"de","@id":"https:\/\/wellness4ever.lu\/de\/#\/schema\/logo\/image\/","url":"https:\/\/i0.wp.com\/wellness4ever.lu\/wp-content\/uploads\/2022\/04\/JPEG-01.jpg?fit=1058%2C1046&ssl=1","contentUrl":"https:\/\/i0.wp.com\/wellness4ever.lu\/wp-content\/uploads\/2022\/04\/JPEG-01.jpg?fit=1058%2C1046&ssl=1","width":1058,"height":1046,"caption":"Wellness4Ever : Centre de Massage"},"image":{"@id":"https:\/\/wellness4ever.lu\/de\/#\/schema\/logo\/image\/"}}]}},"_links":{"self":[{"href":"https:\/\/wellness4ever.lu\/de\/wp-json\/wp\/v2\/product\/2225","targetHints":{"allow":["GET"]}}],"collection":[{"href":"https:\/\/wellness4ever.lu\/de\/wp-json\/wp\/v2\/product"}],"about":[{"href":"https:\/\/wellness4ever.lu\/de\/wp-json\/wp\/v2\/types\/product"}],"replies":[{"embeddable":true,"href":"https:\/\/wellness4ever.lu\/de\/wp-json\/wp\/v2\/comments?post=2225"}],"wp:featuredmedia":[{"embeddable":true,"href":"https:\/\/wellness4ever.lu\/de\/wp-json\/wp\/v2\/media\/2232"}],"wp:attachment":[{"href":"https:\/\/wellness4ever.lu\/de\/wp-json\/wp\/v2\/media?parent=2225"}],"wp:term":[{"taxonomy":"product_cat","embeddable":true,"href":"https:\/\/wellness4ever.lu\/de\/wp-json\/wp\/v2\/product_cat?post=2225"},{"taxonomy":"product_tag","embeddable":true,"href":"https:\/\/wellness4ever.lu\/de\/wp-json\/wp\/v2\/product_tag?post=2225"}],"curies":[{"name":"wp","href":"https:\/\/api.w.org\/{rel}","templated":true}]}}