{"id":2216,"date":"2022-06-20T07:27:32","date_gmt":"2022-06-20T07:27:32","guid":{"rendered":"http:\/\/wellness4ever.lu\/?post_type=product&#038;p=2216"},"modified":"2022-06-20T07:40:33","modified_gmt":"2022-06-20T07:40:33","slug":"melatonin-3-mg","status":"publish","type":"product","link":"https:\/\/wellness4ever.lu\/de\/produkt\/melatonin-3-mg\/","title":{"rendered":"Melatonin, 3 mg"},"content":{"rendered":"","protected":false},"excerpt":{"rendered":"<h5>Die Formel von Melatonin, 3 mg kann:<\/h5>\n<ul class=\"ul-discs spacing\">\n<li>F\u00f6rdert gesunden Schlaf und gleicht Ihren zirkadianen Rhythmus aus, der auch als die \u201einnere Uhr\u201c Ihres K\u00f6rpers bekannt ist.<\/li>\n<li>Bietet antioxidativen Schutz und unterst\u00fctzt das Immunsystem<\/li>\n<li>F\u00f6rdert die kognitive Gesundheit im fortgeschrittenen Alter<\/li>\n<\/ul>\n<p>&nbsp;<\/p>\n<p><b><span class=\"bold\">Melatonin<\/span>\u00a0<\/b>ist ein Hormon, das vom menschlichen K\u00f6rper produziert wird und gesunden Schlaf erm\u00f6glicht, freie Radikale bek\u00e4mpft, die kognitive Gesundheit verbessert und vieles mehr.<\/p>\n","protected":false},"featured_media":2220,"comment_status":"closed","ping_status":"closed","template":"","meta":[],"product_cat":[43],"product_tag":[],"class_list":["post-2216","product","type-product","status-publish","has-post-thumbnail","hentry","product_cat-supplements-de"],"yoast_head":"<!-- This site is optimized with the Yoast SEO plugin v19.11 - https:\/\/yoast.com\/wordpress\/plugins\/seo\/ -->\n<title>Melatonin, 3 mg | Wellness 4 Ever<\/title>\n<meta name=\"robots\" content=\"index, follow, max-snippet:-1, max-image-preview:large, max-video-preview:-1\" \/>\n<link rel=\"canonical\" href=\"https:\/\/wellness4ever.lu\/de\/produkt\/melatonin-3-mg\/\" \/>\n<meta property=\"og:locale\" content=\"de_DE\" \/>\n<meta property=\"og:type\" content=\"article\" \/>\n<meta property=\"og:title\" content=\"Melatonin, 3 mg | Wellness 4 Ever\" \/>\n<meta property=\"og:description\" content=\"Die Formel von Melatonin, 3 mg kann:   F\u00f6rdert gesunden Schlaf und gleicht Ihren zirkadianen Rhythmus aus, der auch als die \u201einnere Uhr\u201c Ihres K\u00f6rpers bekannt ist.  Bietet antioxidativen Schutz und unterst\u00fctzt das Immunsystem  F\u00f6rdert die kognitive Gesundheit im fortgeschrittenen Alter  &nbsp;  Melatonin\u00a0ist ein Hormon, das vom menschlichen K\u00f6rper produziert wird und gesunden Schlaf erm\u00f6glicht, freie Radikale bek\u00e4mpft, die kognitive Gesundheit verbessert und vieles mehr.\" \/>\n<meta property=\"og:url\" content=\"https:\/\/wellness4ever.lu\/de\/produkt\/melatonin-3-mg\/\" \/>\n<meta property=\"og:site_name\" content=\"Wellness 4 Ever\" \/>\n<meta property=\"article:modified_time\" content=\"2022-06-20T07:40:33+00:00\" \/>\n<meta property=\"og:image\" content=\"https:\/\/wellness4ever.lu\/wp-content\/uploads\/2022\/06\/Melatonin.webp\" \/>\n\t<meta property=\"og:image:width\" content=\"800\" \/>\n\t<meta property=\"og:image:height\" content=\"800\" \/>\n\t<meta property=\"og:image:type\" content=\"image\/webp\" \/>\n<meta name=\"twitter:card\" content=\"summary_large_image\" \/>\n<script type=\"application\/ld+json\" class=\"yoast-schema-graph\">{\"@context\":\"https:\/\/schema.org\",\"@graph\":[{\"@type\":\"WebPage\",\"@id\":\"https:\/\/wellness4ever.lu\/de\/produkt\/melatonin-3-mg\/\",\"url\":\"https:\/\/wellness4ever.lu\/de\/produkt\/melatonin-3-mg\/\",\"name\":\"Melatonin, 3 mg | Wellness 4 Ever\",\"isPartOf\":{\"@id\":\"https:\/\/wellness4ever.lu\/de\/#website\"},\"datePublished\":\"2022-06-20T07:27:32+00:00\",\"dateModified\":\"2022-06-20T07:40:33+00:00\",\"breadcrumb\":{\"@id\":\"https:\/\/wellness4ever.lu\/de\/produkt\/melatonin-3-mg\/#breadcrumb\"},\"inLanguage\":\"de\",\"potentialAction\":[{\"@type\":\"ReadAction\",\"target\":[\"https:\/\/wellness4ever.lu\/de\/produkt\/melatonin-3-mg\/\"]}]},{\"@type\":\"BreadcrumbList\",\"@id\":\"https:\/\/wellness4ever.lu\/de\/produkt\/melatonin-3-mg\/#breadcrumb\",\"itemListElement\":[{\"@type\":\"ListItem\",\"position\":1,\"name\":\"Accueil\",\"item\":\"https:\/\/wellness4ever.lu\/de\/\"},{\"@type\":\"ListItem\",\"position\":2,\"name\":\"Shop\",\"item\":\"https:\/\/wellness4ever.lu\/shop\/\"},{\"@type\":\"ListItem\",\"position\":3,\"name\":\"Melatonin, 3 mg\"}]},{\"@type\":\"WebSite\",\"@id\":\"https:\/\/wellness4ever.lu\/de\/#website\",\"url\":\"https:\/\/wellness4ever.lu\/de\/\",\"name\":\"Wellness 4 Ever\",\"description\":\"Massage Th\u00e9rapeutique \u00e0 Mamer | Wellness4Ever : Centre de Massage\",\"publisher\":{\"@id\":\"https:\/\/wellness4ever.lu\/de\/#organization\"},\"potentialAction\":[{\"@type\":\"SearchAction\",\"target\":{\"@type\":\"EntryPoint\",\"urlTemplate\":\"https:\/\/wellness4ever.lu\/de\/?s={search_term_string}\"},\"query-input\":\"required name=search_term_string\"}],\"inLanguage\":\"de\"},{\"@type\":\"Organization\",\"@id\":\"https:\/\/wellness4ever.lu\/de\/#organization\",\"name\":\"Wellness4Ever : Centre de Massage\",\"url\":\"https:\/\/wellness4ever.lu\/de\/\",\"logo\":{\"@type\":\"ImageObject\",\"inLanguage\":\"de\",\"@id\":\"https:\/\/wellness4ever.lu\/de\/#\/schema\/logo\/image\/\",\"url\":\"https:\/\/i0.wp.com\/wellness4ever.lu\/wp-content\/uploads\/2022\/04\/JPEG-01.jpg?fit=1058%2C1046&ssl=1\",\"contentUrl\":\"https:\/\/i0.wp.com\/wellness4ever.lu\/wp-content\/uploads\/2022\/04\/JPEG-01.jpg?fit=1058%2C1046&ssl=1\",\"width\":1058,\"height\":1046,\"caption\":\"Wellness4Ever : Centre de Massage\"},\"image\":{\"@id\":\"https:\/\/wellness4ever.lu\/de\/#\/schema\/logo\/image\/\"}}]}<\/script>\n<!-- \/ Yoast SEO plugin. -->","yoast_head_json":{"title":"Melatonin, 3 mg | Wellness 4 Ever","robots":{"index":"index","follow":"follow","max-snippet":"max-snippet:-1","max-image-preview":"max-image-preview:large","max-video-preview":"max-video-preview:-1"},"canonical":"https:\/\/wellness4ever.lu\/de\/produkt\/melatonin-3-mg\/","og_locale":"de_DE","og_type":"article","og_title":"Melatonin, 3 mg | Wellness 4 Ever","og_description":"Die Formel von Melatonin, 3 mg kann:   F\u00f6rdert gesunden Schlaf und gleicht Ihren zirkadianen Rhythmus aus, der auch als die \u201einnere Uhr\u201c Ihres K\u00f6rpers bekannt ist.  Bietet antioxidativen Schutz und unterst\u00fctzt das Immunsystem  F\u00f6rdert die kognitive Gesundheit im fortgeschrittenen Alter  &nbsp;  Melatonin\u00a0ist ein Hormon, das vom menschlichen K\u00f6rper produziert wird und gesunden Schlaf erm\u00f6glicht, freie Radikale bek\u00e4mpft, die kognitive Gesundheit verbessert und vieles mehr.","og_url":"https:\/\/wellness4ever.lu\/de\/produkt\/melatonin-3-mg\/","og_site_name":"Wellness 4 Ever","article_modified_time":"2022-06-20T07:40:33+00:00","og_image":[{"width":800,"height":800,"url":"https:\/\/wellness4ever.lu\/wp-content\/uploads\/2022\/06\/Melatonin.webp","type":"image\/webp"}],"twitter_card":"summary_large_image","schema":{"@context":"https:\/\/schema.org","@graph":[{"@type":"WebPage","@id":"https:\/\/wellness4ever.lu\/de\/produkt\/melatonin-3-mg\/","url":"https:\/\/wellness4ever.lu\/de\/produkt\/melatonin-3-mg\/","name":"Melatonin, 3 mg | Wellness 4 Ever","isPartOf":{"@id":"https:\/\/wellness4ever.lu\/de\/#website"},"datePublished":"2022-06-20T07:27:32+00:00","dateModified":"2022-06-20T07:40:33+00:00","breadcrumb":{"@id":"https:\/\/wellness4ever.lu\/de\/produkt\/melatonin-3-mg\/#breadcrumb"},"inLanguage":"de","potentialAction":[{"@type":"ReadAction","target":["https:\/\/wellness4ever.lu\/de\/produkt\/melatonin-3-mg\/"]}]},{"@type":"BreadcrumbList","@id":"https:\/\/wellness4ever.lu\/de\/produkt\/melatonin-3-mg\/#breadcrumb","itemListElement":[{"@type":"ListItem","position":1,"name":"Accueil","item":"https:\/\/wellness4ever.lu\/de\/"},{"@type":"ListItem","position":2,"name":"Shop","item":"https:\/\/wellness4ever.lu\/shop\/"},{"@type":"ListItem","position":3,"name":"Melatonin, 3 mg"}]},{"@type":"WebSite","@id":"https:\/\/wellness4ever.lu\/de\/#website","url":"https:\/\/wellness4ever.lu\/de\/","name":"Wellness 4 Ever","description":"Massage Th\u00e9rapeutique \u00e0 Mamer | Wellness4Ever : Centre de Massage","publisher":{"@id":"https:\/\/wellness4ever.lu\/de\/#organization"},"potentialAction":[{"@type":"SearchAction","target":{"@type":"EntryPoint","urlTemplate":"https:\/\/wellness4ever.lu\/de\/?s={search_term_string}"},"query-input":"required name=search_term_string"}],"inLanguage":"de"},{"@type":"Organization","@id":"https:\/\/wellness4ever.lu\/de\/#organization","name":"Wellness4Ever : Centre de Massage","url":"https:\/\/wellness4ever.lu\/de\/","logo":{"@type":"ImageObject","inLanguage":"de","@id":"https:\/\/wellness4ever.lu\/de\/#\/schema\/logo\/image\/","url":"https:\/\/i0.wp.com\/wellness4ever.lu\/wp-content\/uploads\/2022\/04\/JPEG-01.jpg?fit=1058%2C1046&ssl=1","contentUrl":"https:\/\/i0.wp.com\/wellness4ever.lu\/wp-content\/uploads\/2022\/04\/JPEG-01.jpg?fit=1058%2C1046&ssl=1","width":1058,"height":1046,"caption":"Wellness4Ever : Centre de Massage"},"image":{"@id":"https:\/\/wellness4ever.lu\/de\/#\/schema\/logo\/image\/"}}]}},"_links":{"self":[{"href":"https:\/\/wellness4ever.lu\/de\/wp-json\/wp\/v2\/product\/2216","targetHints":{"allow":["GET"]}}],"collection":[{"href":"https:\/\/wellness4ever.lu\/de\/wp-json\/wp\/v2\/product"}],"about":[{"href":"https:\/\/wellness4ever.lu\/de\/wp-json\/wp\/v2\/types\/product"}],"replies":[{"embeddable":true,"href":"https:\/\/wellness4ever.lu\/de\/wp-json\/wp\/v2\/comments?post=2216"}],"wp:featuredmedia":[{"embeddable":true,"href":"https:\/\/wellness4ever.lu\/de\/wp-json\/wp\/v2\/media\/2220"}],"wp:attachment":[{"href":"https:\/\/wellness4ever.lu\/de\/wp-json\/wp\/v2\/media?parent=2216"}],"wp:term":[{"taxonomy":"product_cat","embeddable":true,"href":"https:\/\/wellness4ever.lu\/de\/wp-json\/wp\/v2\/product_cat?post=2216"},{"taxonomy":"product_tag","embeddable":true,"href":"https:\/\/wellness4ever.lu\/de\/wp-json\/wp\/v2\/product_tag?post=2216"}],"curies":[{"name":"wp","href":"https:\/\/api.w.org\/{rel}","templated":true}]}}