{"id":2204,"date":"2022-06-20T07:13:05","date_gmt":"2022-06-20T07:13:05","guid":{"rendered":"http:\/\/wellness4ever.lu\/?post_type=product&#038;p=2204"},"modified":"2022-06-20T07:34:06","modified_gmt":"2022-06-20T07:34:06","slug":"vitamin-c-and-quercetin-phytosome-60-tabs-eu","status":"publish","type":"product","link":"https:\/\/wellness4ever.lu\/de\/produkt\/vitamin-c-and-quercetin-phytosome-60-tabs-eu\/","title":{"rendered":"Vitamin C and Quercetin Phytosome, 60 tabs, EU"},"content":{"rendered":"","protected":false},"excerpt":{"rendered":"<h5>Die Inhaltsstoffe von Vitamin C und Quercetin Phytosome k\u00f6nnen:<\/h5>\n<p>&nbsp;<\/p>\n<ul>\n<li>Ihren K\u00f6rper vor oxidativem Stress sch\u00fctzen<\/li>\n<li>Die Kollagenbildung und normale Eisenaufnahme f\u00f6rdern<\/li>\n<li>Ultra-resorbierbares Quercetin erg\u00e4nzt die gesundheitlichen Vorteile von Vitamin C<\/li>\n<\/ul>\n<p>&nbsp;<\/p>\n<p>Vitamin C und ultraresorbierbares Quercetin in Vitamin C and Bio-Quercetin Phytosome k\u00f6nnen Ihren K\u00f6rper vor oxidativem Stress sch\u00fctzen und die Kollagenbildung sowie eine gesunde Eisenaufnahme und eine gesunde Immunfunktion f\u00f6rdern.<\/p>\n","protected":false},"featured_media":2208,"comment_status":"closed","ping_status":"closed","template":"","meta":[],"product_cat":[43],"product_tag":[],"class_list":["post-2204","product","type-product","status-publish","has-post-thumbnail","hentry","product_cat-supplements-de"],"yoast_head":"<!-- This site is optimized with the Yoast SEO plugin v19.11 - https:\/\/yoast.com\/wordpress\/plugins\/seo\/ -->\n<title>Vitamin C and Quercetin Phytosome, 60 tabs, EU | Wellness 4 Ever<\/title>\n<meta name=\"robots\" content=\"index, follow, max-snippet:-1, max-image-preview:large, max-video-preview:-1\" \/>\n<link rel=\"canonical\" href=\"https:\/\/wellness4ever.lu\/de\/produkt\/vitamin-c-and-quercetin-phytosome-60-tabs-eu\/\" \/>\n<meta property=\"og:locale\" content=\"de_DE\" \/>\n<meta property=\"og:type\" content=\"article\" \/>\n<meta property=\"og:title\" content=\"Vitamin C and Quercetin Phytosome, 60 tabs, EU | Wellness 4 Ever\" \/>\n<meta property=\"og:description\" content=\"Die Inhaltsstoffe von Vitamin C und Quercetin Phytosome k\u00f6nnen: &nbsp;   Ihren K\u00f6rper vor oxidativem Stress sch\u00fctzen  Die Kollagenbildung und normale Eisenaufnahme f\u00f6rdern  Ultra-resorbierbares Quercetin erg\u00e4nzt die gesundheitlichen Vorteile von Vitamin C  &nbsp;  Vitamin C und ultraresorbierbares Quercetin in Vitamin C and Bio-Quercetin Phytosome k\u00f6nnen Ihren K\u00f6rper vor oxidativem Stress sch\u00fctzen und die Kollagenbildung sowie eine gesunde Eisenaufnahme und eine gesunde Immunfunktion f\u00f6rdern.\" \/>\n<meta property=\"og:url\" content=\"https:\/\/wellness4ever.lu\/de\/produkt\/vitamin-c-and-quercetin-phytosome-60-tabs-eu\/\" \/>\n<meta property=\"og:site_name\" content=\"Wellness 4 Ever\" \/>\n<meta property=\"article:modified_time\" content=\"2022-06-20T07:34:06+00:00\" \/>\n<meta property=\"og:image\" content=\"https:\/\/wellness4ever.lu\/wp-content\/uploads\/2022\/06\/Quercetin.webp\" \/>\n\t<meta property=\"og:image:width\" content=\"800\" \/>\n\t<meta property=\"og:image:height\" content=\"800\" \/>\n\t<meta property=\"og:image:type\" content=\"image\/webp\" \/>\n<meta name=\"twitter:card\" content=\"summary_large_image\" \/>\n<script type=\"application\/ld+json\" class=\"yoast-schema-graph\">{\"@context\":\"https:\/\/schema.org\",\"@graph\":[{\"@type\":\"WebPage\",\"@id\":\"https:\/\/wellness4ever.lu\/de\/produkt\/vitamin-c-and-quercetin-phytosome-60-tabs-eu\/\",\"url\":\"https:\/\/wellness4ever.lu\/de\/produkt\/vitamin-c-and-quercetin-phytosome-60-tabs-eu\/\",\"name\":\"Vitamin C and Quercetin Phytosome, 60 tabs, EU | Wellness 4 Ever\",\"isPartOf\":{\"@id\":\"https:\/\/wellness4ever.lu\/de\/#website\"},\"datePublished\":\"2022-06-20T07:13:05+00:00\",\"dateModified\":\"2022-06-20T07:34:06+00:00\",\"breadcrumb\":{\"@id\":\"https:\/\/wellness4ever.lu\/de\/produkt\/vitamin-c-and-quercetin-phytosome-60-tabs-eu\/#breadcrumb\"},\"inLanguage\":\"de\",\"potentialAction\":[{\"@type\":\"ReadAction\",\"target\":[\"https:\/\/wellness4ever.lu\/de\/produkt\/vitamin-c-and-quercetin-phytosome-60-tabs-eu\/\"]}]},{\"@type\":\"BreadcrumbList\",\"@id\":\"https:\/\/wellness4ever.lu\/de\/produkt\/vitamin-c-and-quercetin-phytosome-60-tabs-eu\/#breadcrumb\",\"itemListElement\":[{\"@type\":\"ListItem\",\"position\":1,\"name\":\"Accueil\",\"item\":\"https:\/\/wellness4ever.lu\/de\/\"},{\"@type\":\"ListItem\",\"position\":2,\"name\":\"Shop\",\"item\":\"https:\/\/wellness4ever.lu\/shop\/\"},{\"@type\":\"ListItem\",\"position\":3,\"name\":\"Vitamin C and Quercetin Phytosome, 60 tabs, EU\"}]},{\"@type\":\"WebSite\",\"@id\":\"https:\/\/wellness4ever.lu\/de\/#website\",\"url\":\"https:\/\/wellness4ever.lu\/de\/\",\"name\":\"Wellness 4 Ever\",\"description\":\"Massage Th\u00e9rapeutique \u00e0 Mamer | Wellness4Ever : Centre de Massage\",\"publisher\":{\"@id\":\"https:\/\/wellness4ever.lu\/de\/#organization\"},\"potentialAction\":[{\"@type\":\"SearchAction\",\"target\":{\"@type\":\"EntryPoint\",\"urlTemplate\":\"https:\/\/wellness4ever.lu\/de\/?s={search_term_string}\"},\"query-input\":\"required name=search_term_string\"}],\"inLanguage\":\"de\"},{\"@type\":\"Organization\",\"@id\":\"https:\/\/wellness4ever.lu\/de\/#organization\",\"name\":\"Wellness4Ever : Centre de Massage\",\"url\":\"https:\/\/wellness4ever.lu\/de\/\",\"logo\":{\"@type\":\"ImageObject\",\"inLanguage\":\"de\",\"@id\":\"https:\/\/wellness4ever.lu\/de\/#\/schema\/logo\/image\/\",\"url\":\"https:\/\/i0.wp.com\/wellness4ever.lu\/wp-content\/uploads\/2022\/04\/JPEG-01.jpg?fit=1058%2C1046&ssl=1\",\"contentUrl\":\"https:\/\/i0.wp.com\/wellness4ever.lu\/wp-content\/uploads\/2022\/04\/JPEG-01.jpg?fit=1058%2C1046&ssl=1\",\"width\":1058,\"height\":1046,\"caption\":\"Wellness4Ever : Centre de Massage\"},\"image\":{\"@id\":\"https:\/\/wellness4ever.lu\/de\/#\/schema\/logo\/image\/\"}}]}<\/script>\n<!-- \/ Yoast SEO plugin. -->","yoast_head_json":{"title":"Vitamin C and Quercetin Phytosome, 60 tabs, EU | Wellness 4 Ever","robots":{"index":"index","follow":"follow","max-snippet":"max-snippet:-1","max-image-preview":"max-image-preview:large","max-video-preview":"max-video-preview:-1"},"canonical":"https:\/\/wellness4ever.lu\/de\/produkt\/vitamin-c-and-quercetin-phytosome-60-tabs-eu\/","og_locale":"de_DE","og_type":"article","og_title":"Vitamin C and Quercetin Phytosome, 60 tabs, EU | Wellness 4 Ever","og_description":"Die Inhaltsstoffe von Vitamin C und Quercetin Phytosome k\u00f6nnen: &nbsp;   Ihren K\u00f6rper vor oxidativem Stress sch\u00fctzen  Die Kollagenbildung und normale Eisenaufnahme f\u00f6rdern  Ultra-resorbierbares Quercetin erg\u00e4nzt die gesundheitlichen Vorteile von Vitamin C  &nbsp;  Vitamin C und ultraresorbierbares Quercetin in Vitamin C and Bio-Quercetin Phytosome k\u00f6nnen Ihren K\u00f6rper vor oxidativem Stress sch\u00fctzen und die Kollagenbildung sowie eine gesunde Eisenaufnahme und eine gesunde Immunfunktion f\u00f6rdern.","og_url":"https:\/\/wellness4ever.lu\/de\/produkt\/vitamin-c-and-quercetin-phytosome-60-tabs-eu\/","og_site_name":"Wellness 4 Ever","article_modified_time":"2022-06-20T07:34:06+00:00","og_image":[{"width":800,"height":800,"url":"https:\/\/wellness4ever.lu\/wp-content\/uploads\/2022\/06\/Quercetin.webp","type":"image\/webp"}],"twitter_card":"summary_large_image","schema":{"@context":"https:\/\/schema.org","@graph":[{"@type":"WebPage","@id":"https:\/\/wellness4ever.lu\/de\/produkt\/vitamin-c-and-quercetin-phytosome-60-tabs-eu\/","url":"https:\/\/wellness4ever.lu\/de\/produkt\/vitamin-c-and-quercetin-phytosome-60-tabs-eu\/","name":"Vitamin C and Quercetin Phytosome, 60 tabs, EU | Wellness 4 Ever","isPartOf":{"@id":"https:\/\/wellness4ever.lu\/de\/#website"},"datePublished":"2022-06-20T07:13:05+00:00","dateModified":"2022-06-20T07:34:06+00:00","breadcrumb":{"@id":"https:\/\/wellness4ever.lu\/de\/produkt\/vitamin-c-and-quercetin-phytosome-60-tabs-eu\/#breadcrumb"},"inLanguage":"de","potentialAction":[{"@type":"ReadAction","target":["https:\/\/wellness4ever.lu\/de\/produkt\/vitamin-c-and-quercetin-phytosome-60-tabs-eu\/"]}]},{"@type":"BreadcrumbList","@id":"https:\/\/wellness4ever.lu\/de\/produkt\/vitamin-c-and-quercetin-phytosome-60-tabs-eu\/#breadcrumb","itemListElement":[{"@type":"ListItem","position":1,"name":"Accueil","item":"https:\/\/wellness4ever.lu\/de\/"},{"@type":"ListItem","position":2,"name":"Shop","item":"https:\/\/wellness4ever.lu\/shop\/"},{"@type":"ListItem","position":3,"name":"Vitamin C and Quercetin Phytosome, 60 tabs, EU"}]},{"@type":"WebSite","@id":"https:\/\/wellness4ever.lu\/de\/#website","url":"https:\/\/wellness4ever.lu\/de\/","name":"Wellness 4 Ever","description":"Massage Th\u00e9rapeutique \u00e0 Mamer | Wellness4Ever : Centre de Massage","publisher":{"@id":"https:\/\/wellness4ever.lu\/de\/#organization"},"potentialAction":[{"@type":"SearchAction","target":{"@type":"EntryPoint","urlTemplate":"https:\/\/wellness4ever.lu\/de\/?s={search_term_string}"},"query-input":"required name=search_term_string"}],"inLanguage":"de"},{"@type":"Organization","@id":"https:\/\/wellness4ever.lu\/de\/#organization","name":"Wellness4Ever : Centre de Massage","url":"https:\/\/wellness4ever.lu\/de\/","logo":{"@type":"ImageObject","inLanguage":"de","@id":"https:\/\/wellness4ever.lu\/de\/#\/schema\/logo\/image\/","url":"https:\/\/i0.wp.com\/wellness4ever.lu\/wp-content\/uploads\/2022\/04\/JPEG-01.jpg?fit=1058%2C1046&ssl=1","contentUrl":"https:\/\/i0.wp.com\/wellness4ever.lu\/wp-content\/uploads\/2022\/04\/JPEG-01.jpg?fit=1058%2C1046&ssl=1","width":1058,"height":1046,"caption":"Wellness4Ever : Centre de Massage"},"image":{"@id":"https:\/\/wellness4ever.lu\/de\/#\/schema\/logo\/image\/"}}]}},"_links":{"self":[{"href":"https:\/\/wellness4ever.lu\/de\/wp-json\/wp\/v2\/product\/2204","targetHints":{"allow":["GET"]}}],"collection":[{"href":"https:\/\/wellness4ever.lu\/de\/wp-json\/wp\/v2\/product"}],"about":[{"href":"https:\/\/wellness4ever.lu\/de\/wp-json\/wp\/v2\/types\/product"}],"replies":[{"embeddable":true,"href":"https:\/\/wellness4ever.lu\/de\/wp-json\/wp\/v2\/comments?post=2204"}],"wp:featuredmedia":[{"embeddable":true,"href":"https:\/\/wellness4ever.lu\/de\/wp-json\/wp\/v2\/media\/2208"}],"wp:attachment":[{"href":"https:\/\/wellness4ever.lu\/de\/wp-json\/wp\/v2\/media?parent=2204"}],"wp:term":[{"taxonomy":"product_cat","embeddable":true,"href":"https:\/\/wellness4ever.lu\/de\/wp-json\/wp\/v2\/product_cat?post=2204"},{"taxonomy":"product_tag","embeddable":true,"href":"https:\/\/wellness4ever.lu\/de\/wp-json\/wp\/v2\/product_tag?post=2204"}],"curies":[{"name":"wp","href":"https:\/\/api.w.org\/{rel}","templated":true}]}}