{"id":2173,"date":"2022-05-25T07:24:32","date_gmt":"2022-05-25T07:24:32","guid":{"rendered":"http:\/\/wellness4ever.lu\/?post_type=product&#038;p=2173"},"modified":"2022-05-25T12:07:40","modified_gmt":"2022-05-25T12:07:40","slug":"curcumin-elite-turmeric-extract-60-caps","status":"publish","type":"product","link":"https:\/\/wellness4ever.lu\/de\/produkt\/curcumin-elite-turmeric-extract-60-caps\/","title":{"rendered":"Curcumin Elite\u2122 Turmeric Extract, 60 caps"},"content":{"rendered":"","protected":false},"excerpt":{"rendered":"<p class=\"italic nomargin\">F\u00fcr Sie, wenn Sie eine Curcumin-Formel mit sehr hoher Bio-Verf\u00fcgbarkeit und entsprechenden Absorptionseigenschaften suchen<\/p>\n<h5>Die aktiven Wirkstoffe des Curcumin Elite<span class=\"copyright\">\u2122<\/span>\u00a0Kurkuma-Extrakts:<\/h5>\n<ul class=\"ul-discs spacing\">\n<li>Bietet die 45,5-fache Menge bioverf\u00fcgbarer freier Curcuminoide, verglichen mit Standard-Curcumin<\/li>\n<li>Bietet eine 270-fach h\u00f6here Absorption von Curcuminoiden insgesamt, verglichen mit Standard-Curcumin<\/li>\n<li>Kann Entz\u00fcndungsfaktoren hemmen und so die Gesundheit von Gelenken und Organen f\u00f6rdern<\/li>\n<li>Bietet Antioxidantien zum Schutz der Zellen<\/li>\n<li>F\u00f6rdert die Herz-Kreislauf-Gesundheit<\/li>\n<li>Unterst\u00fctzt die Gesundheit des Gehirns, des Immunsystems und der Leber<\/li>\n<\/ul>\n<p class=\"delimeter-space\"><span class=\"bold\">Curcumin Elite<span class=\"copyright\">\u2122<\/span><\/span>Kurkuma-Extrakt wurde entwickelt, um die 45,5-fache Menge bioverf\u00fcgbarer freier Curcuminoide und eine 270-fach h\u00f6here Absorption von Curcuminoiden zu bieten, verglichen mit Standard-Curcumin. Die weit h\u00f6here Bioverf\u00fcgbarkeit und Absorption k\u00f6nnen die vielen gesundheitlichen Vorteile der Kurkumin-Nahrungserg\u00e4nzung steigern.<\/p>\n","protected":false},"featured_media":2180,"comment_status":"closed","ping_status":"closed","template":"","meta":[],"product_cat":[43],"product_tag":[],"class_list":["post-2173","product","type-product","status-publish","has-post-thumbnail","hentry","product_cat-supplements-de"],"yoast_head":"<!-- This site is optimized with the Yoast SEO plugin v19.11 - https:\/\/yoast.com\/wordpress\/plugins\/seo\/ -->\n<title>Curcumin Elite\u2122 Turmeric Extract, 60 caps | Wellness 4 Ever<\/title>\n<meta name=\"robots\" content=\"index, follow, max-snippet:-1, max-image-preview:large, max-video-preview:-1\" \/>\n<link rel=\"canonical\" href=\"https:\/\/wellness4ever.lu\/de\/produkt\/curcumin-elite-turmeric-extract-60-caps\/\" \/>\n<meta property=\"og:locale\" content=\"de_DE\" \/>\n<meta property=\"og:type\" content=\"article\" \/>\n<meta property=\"og:title\" content=\"Curcumin Elite\u2122 Turmeric Extract, 60 caps | Wellness 4 Ever\" \/>\n<meta property=\"og:description\" content=\"F\u00fcr Sie, wenn Sie eine Curcumin-Formel mit sehr hoher Bio-Verf\u00fcgbarkeit und entsprechenden Absorptionseigenschaften suchen  Die aktiven Wirkstoffe des Curcumin Elite\u2122\u00a0Kurkuma-Extrakts:   Bietet die 45,5-fache Menge bioverf\u00fcgbarer freier Curcuminoide, verglichen mit Standard-Curcumin  Bietet eine 270-fach h\u00f6here Absorption von Curcuminoiden insgesamt, verglichen mit Standard-Curcumin  Kann Entz\u00fcndungsfaktoren hemmen und so die Gesundheit von Gelenken und Organen f\u00f6rdern  Bietet Antioxidantien zum Schutz der Zellen  F\u00f6rdert die Herz-Kreislauf-Gesundheit  Unterst\u00fctzt die Gesundheit des Gehirns, des Immunsystems und der Leber  Curcumin Elite\u2122Kurkuma-Extrakt wurde entwickelt, um die 45,5-fache Menge bioverf\u00fcgbarer freier Curcuminoide und eine 270-fach h\u00f6here Absorption von Curcuminoiden zu bieten, verglichen mit Standard-Curcumin. Die weit h\u00f6here Bioverf\u00fcgbarkeit und Absorption k\u00f6nnen die vielen gesundheitlichen Vorteile der Kurkumin-Nahrungserg\u00e4nzung steigern.\" \/>\n<meta property=\"og:url\" content=\"https:\/\/wellness4ever.lu\/de\/produkt\/curcumin-elite-turmeric-extract-60-caps\/\" \/>\n<meta property=\"og:site_name\" content=\"Wellness 4 Ever\" \/>\n<meta property=\"article:modified_time\" content=\"2022-05-25T12:07:40+00:00\" \/>\n<meta property=\"og:image\" content=\"https:\/\/wellness4ever.lu\/wp-content\/uploads\/2022\/05\/Curcuma-1.webp\" \/>\n\t<meta property=\"og:image:width\" content=\"800\" \/>\n\t<meta property=\"og:image:height\" content=\"800\" \/>\n\t<meta property=\"og:image:type\" content=\"image\/webp\" \/>\n<meta name=\"twitter:card\" content=\"summary_large_image\" \/>\n<script type=\"application\/ld+json\" class=\"yoast-schema-graph\">{\"@context\":\"https:\/\/schema.org\",\"@graph\":[{\"@type\":\"WebPage\",\"@id\":\"https:\/\/wellness4ever.lu\/de\/produkt\/curcumin-elite-turmeric-extract-60-caps\/\",\"url\":\"https:\/\/wellness4ever.lu\/de\/produkt\/curcumin-elite-turmeric-extract-60-caps\/\",\"name\":\"Curcumin Elite\u2122 Turmeric Extract, 60 caps | Wellness 4 Ever\",\"isPartOf\":{\"@id\":\"https:\/\/wellness4ever.lu\/de\/#website\"},\"datePublished\":\"2022-05-25T07:24:32+00:00\",\"dateModified\":\"2022-05-25T12:07:40+00:00\",\"breadcrumb\":{\"@id\":\"https:\/\/wellness4ever.lu\/de\/produkt\/curcumin-elite-turmeric-extract-60-caps\/#breadcrumb\"},\"inLanguage\":\"de\",\"potentialAction\":[{\"@type\":\"ReadAction\",\"target\":[\"https:\/\/wellness4ever.lu\/de\/produkt\/curcumin-elite-turmeric-extract-60-caps\/\"]}]},{\"@type\":\"BreadcrumbList\",\"@id\":\"https:\/\/wellness4ever.lu\/de\/produkt\/curcumin-elite-turmeric-extract-60-caps\/#breadcrumb\",\"itemListElement\":[{\"@type\":\"ListItem\",\"position\":1,\"name\":\"Accueil\",\"item\":\"https:\/\/wellness4ever.lu\/de\/\"},{\"@type\":\"ListItem\",\"position\":2,\"name\":\"Shop\",\"item\":\"https:\/\/wellness4ever.lu\/shop\/\"},{\"@type\":\"ListItem\",\"position\":3,\"name\":\"Curcumin Elite\u2122 Turmeric Extract, 60 caps\"}]},{\"@type\":\"WebSite\",\"@id\":\"https:\/\/wellness4ever.lu\/de\/#website\",\"url\":\"https:\/\/wellness4ever.lu\/de\/\",\"name\":\"Wellness 4 Ever\",\"description\":\"Massage Th\u00e9rapeutique \u00e0 Mamer | Wellness4Ever : Centre de Massage\",\"publisher\":{\"@id\":\"https:\/\/wellness4ever.lu\/de\/#organization\"},\"potentialAction\":[{\"@type\":\"SearchAction\",\"target\":{\"@type\":\"EntryPoint\",\"urlTemplate\":\"https:\/\/wellness4ever.lu\/de\/?s={search_term_string}\"},\"query-input\":\"required name=search_term_string\"}],\"inLanguage\":\"de\"},{\"@type\":\"Organization\",\"@id\":\"https:\/\/wellness4ever.lu\/de\/#organization\",\"name\":\"Wellness4Ever : Centre de Massage\",\"url\":\"https:\/\/wellness4ever.lu\/de\/\",\"logo\":{\"@type\":\"ImageObject\",\"inLanguage\":\"de\",\"@id\":\"https:\/\/wellness4ever.lu\/de\/#\/schema\/logo\/image\/\",\"url\":\"https:\/\/i0.wp.com\/wellness4ever.lu\/wp-content\/uploads\/2022\/04\/JPEG-01.jpg?fit=1058%2C1046&ssl=1\",\"contentUrl\":\"https:\/\/i0.wp.com\/wellness4ever.lu\/wp-content\/uploads\/2022\/04\/JPEG-01.jpg?fit=1058%2C1046&ssl=1\",\"width\":1058,\"height\":1046,\"caption\":\"Wellness4Ever : Centre de Massage\"},\"image\":{\"@id\":\"https:\/\/wellness4ever.lu\/de\/#\/schema\/logo\/image\/\"}}]}<\/script>\n<!-- \/ Yoast SEO plugin. -->","yoast_head_json":{"title":"Curcumin Elite\u2122 Turmeric Extract, 60 caps | Wellness 4 Ever","robots":{"index":"index","follow":"follow","max-snippet":"max-snippet:-1","max-image-preview":"max-image-preview:large","max-video-preview":"max-video-preview:-1"},"canonical":"https:\/\/wellness4ever.lu\/de\/produkt\/curcumin-elite-turmeric-extract-60-caps\/","og_locale":"de_DE","og_type":"article","og_title":"Curcumin Elite\u2122 Turmeric Extract, 60 caps | Wellness 4 Ever","og_description":"F\u00fcr Sie, wenn Sie eine Curcumin-Formel mit sehr hoher Bio-Verf\u00fcgbarkeit und entsprechenden Absorptionseigenschaften suchen  Die aktiven Wirkstoffe des Curcumin Elite\u2122\u00a0Kurkuma-Extrakts:   Bietet die 45,5-fache Menge bioverf\u00fcgbarer freier Curcuminoide, verglichen mit Standard-Curcumin  Bietet eine 270-fach h\u00f6here Absorption von Curcuminoiden insgesamt, verglichen mit Standard-Curcumin  Kann Entz\u00fcndungsfaktoren hemmen und so die Gesundheit von Gelenken und Organen f\u00f6rdern  Bietet Antioxidantien zum Schutz der Zellen  F\u00f6rdert die Herz-Kreislauf-Gesundheit  Unterst\u00fctzt die Gesundheit des Gehirns, des Immunsystems und der Leber  Curcumin Elite\u2122Kurkuma-Extrakt wurde entwickelt, um die 45,5-fache Menge bioverf\u00fcgbarer freier Curcuminoide und eine 270-fach h\u00f6here Absorption von Curcuminoiden zu bieten, verglichen mit Standard-Curcumin. Die weit h\u00f6here Bioverf\u00fcgbarkeit und Absorption k\u00f6nnen die vielen gesundheitlichen Vorteile der Kurkumin-Nahrungserg\u00e4nzung steigern.","og_url":"https:\/\/wellness4ever.lu\/de\/produkt\/curcumin-elite-turmeric-extract-60-caps\/","og_site_name":"Wellness 4 Ever","article_modified_time":"2022-05-25T12:07:40+00:00","og_image":[{"width":800,"height":800,"url":"https:\/\/wellness4ever.lu\/wp-content\/uploads\/2022\/05\/Curcuma-1.webp","type":"image\/webp"}],"twitter_card":"summary_large_image","schema":{"@context":"https:\/\/schema.org","@graph":[{"@type":"WebPage","@id":"https:\/\/wellness4ever.lu\/de\/produkt\/curcumin-elite-turmeric-extract-60-caps\/","url":"https:\/\/wellness4ever.lu\/de\/produkt\/curcumin-elite-turmeric-extract-60-caps\/","name":"Curcumin Elite\u2122 Turmeric Extract, 60 caps | Wellness 4 Ever","isPartOf":{"@id":"https:\/\/wellness4ever.lu\/de\/#website"},"datePublished":"2022-05-25T07:24:32+00:00","dateModified":"2022-05-25T12:07:40+00:00","breadcrumb":{"@id":"https:\/\/wellness4ever.lu\/de\/produkt\/curcumin-elite-turmeric-extract-60-caps\/#breadcrumb"},"inLanguage":"de","potentialAction":[{"@type":"ReadAction","target":["https:\/\/wellness4ever.lu\/de\/produkt\/curcumin-elite-turmeric-extract-60-caps\/"]}]},{"@type":"BreadcrumbList","@id":"https:\/\/wellness4ever.lu\/de\/produkt\/curcumin-elite-turmeric-extract-60-caps\/#breadcrumb","itemListElement":[{"@type":"ListItem","position":1,"name":"Accueil","item":"https:\/\/wellness4ever.lu\/de\/"},{"@type":"ListItem","position":2,"name":"Shop","item":"https:\/\/wellness4ever.lu\/shop\/"},{"@type":"ListItem","position":3,"name":"Curcumin Elite\u2122 Turmeric Extract, 60 caps"}]},{"@type":"WebSite","@id":"https:\/\/wellness4ever.lu\/de\/#website","url":"https:\/\/wellness4ever.lu\/de\/","name":"Wellness 4 Ever","description":"Massage Th\u00e9rapeutique \u00e0 Mamer | Wellness4Ever : Centre de Massage","publisher":{"@id":"https:\/\/wellness4ever.lu\/de\/#organization"},"potentialAction":[{"@type":"SearchAction","target":{"@type":"EntryPoint","urlTemplate":"https:\/\/wellness4ever.lu\/de\/?s={search_term_string}"},"query-input":"required name=search_term_string"}],"inLanguage":"de"},{"@type":"Organization","@id":"https:\/\/wellness4ever.lu\/de\/#organization","name":"Wellness4Ever : Centre de Massage","url":"https:\/\/wellness4ever.lu\/de\/","logo":{"@type":"ImageObject","inLanguage":"de","@id":"https:\/\/wellness4ever.lu\/de\/#\/schema\/logo\/image\/","url":"https:\/\/i0.wp.com\/wellness4ever.lu\/wp-content\/uploads\/2022\/04\/JPEG-01.jpg?fit=1058%2C1046&ssl=1","contentUrl":"https:\/\/i0.wp.com\/wellness4ever.lu\/wp-content\/uploads\/2022\/04\/JPEG-01.jpg?fit=1058%2C1046&ssl=1","width":1058,"height":1046,"caption":"Wellness4Ever : Centre de Massage"},"image":{"@id":"https:\/\/wellness4ever.lu\/de\/#\/schema\/logo\/image\/"}}]}},"_links":{"self":[{"href":"https:\/\/wellness4ever.lu\/de\/wp-json\/wp\/v2\/product\/2173","targetHints":{"allow":["GET"]}}],"collection":[{"href":"https:\/\/wellness4ever.lu\/de\/wp-json\/wp\/v2\/product"}],"about":[{"href":"https:\/\/wellness4ever.lu\/de\/wp-json\/wp\/v2\/types\/product"}],"replies":[{"embeddable":true,"href":"https:\/\/wellness4ever.lu\/de\/wp-json\/wp\/v2\/comments?post=2173"}],"wp:featuredmedia":[{"embeddable":true,"href":"https:\/\/wellness4ever.lu\/de\/wp-json\/wp\/v2\/media\/2180"}],"wp:attachment":[{"href":"https:\/\/wellness4ever.lu\/de\/wp-json\/wp\/v2\/media?parent=2173"}],"wp:term":[{"taxonomy":"product_cat","embeddable":true,"href":"https:\/\/wellness4ever.lu\/de\/wp-json\/wp\/v2\/product_cat?post=2173"},{"taxonomy":"product_tag","embeddable":true,"href":"https:\/\/wellness4ever.lu\/de\/wp-json\/wp\/v2\/product_tag?post=2173"}],"curies":[{"name":"wp","href":"https:\/\/api.w.org\/{rel}","templated":true}]}}