{"id":1737,"date":"2022-01-26T08:34:17","date_gmt":"2022-01-26T08:34:17","guid":{"rendered":""},"modified":"2022-04-13T07:27:34","modified_gmt":"2022-04-13T07:27:34","slug":"mushroom-hot-cacao-with-reishi","status":"publish","type":"product","link":"https:\/\/wellness4ever.lu\/de\/produkt\/mushroom-hot-cacao-with-reishi\/","title":{"rendered":"Hei\u00dfer Kakao mit Reishi"},"content":{"rendered":"","protected":false},"excerpt":{"rendered":"<h3>Eine abendliche Leckerei, die auch Ihren Morgen ver\u00e4ndern wird (10 Portionen)<\/h3>\n<p>Erholsamer Schlaf beginnt mit einem guten Abendritual. Dieser Bio-Kakao mit Reishi (Pilzen) hilft Ihnen, den Stress des Tages zu vergessen, damit Sie leichter einschlafen k\u00f6nnen.<br \/>\nEin k\u00f6stliches wohltuendes Getr\u00e4nk, das Ihnen gut tun wird!<\/p>\n","protected":false},"featured_media":800,"comment_status":"closed","ping_status":"closed","template":"","meta":[],"product_cat":[39],"product_tag":[],"class_list":["post-1737","product","type-product","status-publish","has-post-thumbnail","hentry","product_cat-boissons-de"],"yoast_head":"<!-- This site is optimized with the Yoast SEO plugin v19.11 - https:\/\/yoast.com\/wordpress\/plugins\/seo\/ -->\n<title>Hei\u00dfer Kakao mit Reishi | Wellness 4 Ever<\/title>\n<meta name=\"robots\" content=\"index, follow, max-snippet:-1, max-image-preview:large, max-video-preview:-1\" \/>\n<link rel=\"canonical\" href=\"https:\/\/wellness4ever.lu\/de\/produkt\/mushroom-hot-cacao-with-reishi\/\" \/>\n<meta property=\"og:locale\" content=\"de_DE\" \/>\n<meta property=\"og:type\" content=\"article\" \/>\n<meta property=\"og:title\" content=\"Hei\u00dfer Kakao mit Reishi | Wellness 4 Ever\" \/>\n<meta property=\"og:description\" content=\"Eine abendliche Leckerei, die auch Ihren Morgen ver\u00e4ndern wird (10 Portionen) Erholsamer Schlaf beginnt mit einem guten Abendritual. Dieser Bio-Kakao mit Reishi (Pilzen) hilft Ihnen, den Stress des Tages zu vergessen, damit Sie leichter einschlafen k\u00f6nnen. Ein k\u00f6stliches wohltuendes Getr\u00e4nk, das Ihnen gut tun wird!\" \/>\n<meta property=\"og:url\" content=\"https:\/\/wellness4ever.lu\/de\/produkt\/mushroom-hot-cacao-with-reishi\/\" \/>\n<meta property=\"og:site_name\" content=\"Wellness 4 Ever\" \/>\n<meta property=\"article:modified_time\" content=\"2022-04-13T07:27:34+00:00\" \/>\n<meta property=\"og:image\" content=\"https:\/\/wellness4ever.lu\/wp-content\/uploads\/2022\/01\/pp222.jpg\" \/>\n\t<meta property=\"og:image:width\" content=\"1074\" \/>\n\t<meta property=\"og:image:height\" content=\"1126\" \/>\n\t<meta property=\"og:image:type\" content=\"image\/jpeg\" \/>\n<meta name=\"twitter:card\" content=\"summary_large_image\" \/>\n<script type=\"application\/ld+json\" class=\"yoast-schema-graph\">{\"@context\":\"https:\/\/schema.org\",\"@graph\":[{\"@type\":\"WebPage\",\"@id\":\"https:\/\/wellness4ever.lu\/de\/produkt\/mushroom-hot-cacao-with-reishi\/\",\"url\":\"https:\/\/wellness4ever.lu\/de\/produkt\/mushroom-hot-cacao-with-reishi\/\",\"name\":\"Hei\u00dfer Kakao mit Reishi | Wellness 4 Ever\",\"isPartOf\":{\"@id\":\"https:\/\/wellness4ever.lu\/de\/#website\"},\"datePublished\":\"2022-01-26T08:34:17+00:00\",\"dateModified\":\"2022-04-13T07:27:34+00:00\",\"breadcrumb\":{\"@id\":\"https:\/\/wellness4ever.lu\/de\/produkt\/mushroom-hot-cacao-with-reishi\/#breadcrumb\"},\"inLanguage\":\"de\",\"potentialAction\":[{\"@type\":\"ReadAction\",\"target\":[\"https:\/\/wellness4ever.lu\/de\/produkt\/mushroom-hot-cacao-with-reishi\/\"]}]},{\"@type\":\"BreadcrumbList\",\"@id\":\"https:\/\/wellness4ever.lu\/de\/produkt\/mushroom-hot-cacao-with-reishi\/#breadcrumb\",\"itemListElement\":[{\"@type\":\"ListItem\",\"position\":1,\"name\":\"Accueil\",\"item\":\"https:\/\/wellness4ever.lu\/de\/\"},{\"@type\":\"ListItem\",\"position\":2,\"name\":\"Shop\",\"item\":\"https:\/\/wellness4ever.lu\/shop\/\"},{\"@type\":\"ListItem\",\"position\":3,\"name\":\"Hei\u00dfer Kakao mit Reishi\"}]},{\"@type\":\"WebSite\",\"@id\":\"https:\/\/wellness4ever.lu\/de\/#website\",\"url\":\"https:\/\/wellness4ever.lu\/de\/\",\"name\":\"Wellness 4 Ever\",\"description\":\"Massage Th\u00e9rapeutique \u00e0 Mamer | Wellness4Ever : Centre de Massage\",\"publisher\":{\"@id\":\"https:\/\/wellness4ever.lu\/de\/#organization\"},\"potentialAction\":[{\"@type\":\"SearchAction\",\"target\":{\"@type\":\"EntryPoint\",\"urlTemplate\":\"https:\/\/wellness4ever.lu\/de\/?s={search_term_string}\"},\"query-input\":\"required name=search_term_string\"}],\"inLanguage\":\"de\"},{\"@type\":\"Organization\",\"@id\":\"https:\/\/wellness4ever.lu\/de\/#organization\",\"name\":\"Wellness4Ever : Centre de Massage\",\"url\":\"https:\/\/wellness4ever.lu\/de\/\",\"logo\":{\"@type\":\"ImageObject\",\"inLanguage\":\"de\",\"@id\":\"https:\/\/wellness4ever.lu\/de\/#\/schema\/logo\/image\/\",\"url\":\"https:\/\/i0.wp.com\/wellness4ever.lu\/wp-content\/uploads\/2022\/04\/JPEG-01.jpg?fit=1058%2C1046&ssl=1\",\"contentUrl\":\"https:\/\/i0.wp.com\/wellness4ever.lu\/wp-content\/uploads\/2022\/04\/JPEG-01.jpg?fit=1058%2C1046&ssl=1\",\"width\":1058,\"height\":1046,\"caption\":\"Wellness4Ever : Centre de Massage\"},\"image\":{\"@id\":\"https:\/\/wellness4ever.lu\/de\/#\/schema\/logo\/image\/\"}}]}<\/script>\n<!-- \/ Yoast SEO plugin. -->","yoast_head_json":{"title":"Hei\u00dfer Kakao mit Reishi | Wellness 4 Ever","robots":{"index":"index","follow":"follow","max-snippet":"max-snippet:-1","max-image-preview":"max-image-preview:large","max-video-preview":"max-video-preview:-1"},"canonical":"https:\/\/wellness4ever.lu\/de\/produkt\/mushroom-hot-cacao-with-reishi\/","og_locale":"de_DE","og_type":"article","og_title":"Hei\u00dfer Kakao mit Reishi | Wellness 4 Ever","og_description":"Eine abendliche Leckerei, die auch Ihren Morgen ver\u00e4ndern wird (10 Portionen) Erholsamer Schlaf beginnt mit einem guten Abendritual. Dieser Bio-Kakao mit Reishi (Pilzen) hilft Ihnen, den Stress des Tages zu vergessen, damit Sie leichter einschlafen k\u00f6nnen. Ein k\u00f6stliches wohltuendes Getr\u00e4nk, das Ihnen gut tun wird!","og_url":"https:\/\/wellness4ever.lu\/de\/produkt\/mushroom-hot-cacao-with-reishi\/","og_site_name":"Wellness 4 Ever","article_modified_time":"2022-04-13T07:27:34+00:00","og_image":[{"width":1074,"height":1126,"url":"https:\/\/wellness4ever.lu\/wp-content\/uploads\/2022\/01\/pp222.jpg","type":"image\/jpeg"}],"twitter_card":"summary_large_image","schema":{"@context":"https:\/\/schema.org","@graph":[{"@type":"WebPage","@id":"https:\/\/wellness4ever.lu\/de\/produkt\/mushroom-hot-cacao-with-reishi\/","url":"https:\/\/wellness4ever.lu\/de\/produkt\/mushroom-hot-cacao-with-reishi\/","name":"Hei\u00dfer Kakao mit Reishi | Wellness 4 Ever","isPartOf":{"@id":"https:\/\/wellness4ever.lu\/de\/#website"},"datePublished":"2022-01-26T08:34:17+00:00","dateModified":"2022-04-13T07:27:34+00:00","breadcrumb":{"@id":"https:\/\/wellness4ever.lu\/de\/produkt\/mushroom-hot-cacao-with-reishi\/#breadcrumb"},"inLanguage":"de","potentialAction":[{"@type":"ReadAction","target":["https:\/\/wellness4ever.lu\/de\/produkt\/mushroom-hot-cacao-with-reishi\/"]}]},{"@type":"BreadcrumbList","@id":"https:\/\/wellness4ever.lu\/de\/produkt\/mushroom-hot-cacao-with-reishi\/#breadcrumb","itemListElement":[{"@type":"ListItem","position":1,"name":"Accueil","item":"https:\/\/wellness4ever.lu\/de\/"},{"@type":"ListItem","position":2,"name":"Shop","item":"https:\/\/wellness4ever.lu\/shop\/"},{"@type":"ListItem","position":3,"name":"Hei\u00dfer Kakao mit Reishi"}]},{"@type":"WebSite","@id":"https:\/\/wellness4ever.lu\/de\/#website","url":"https:\/\/wellness4ever.lu\/de\/","name":"Wellness 4 Ever","description":"Massage Th\u00e9rapeutique \u00e0 Mamer | Wellness4Ever : Centre de Massage","publisher":{"@id":"https:\/\/wellness4ever.lu\/de\/#organization"},"potentialAction":[{"@type":"SearchAction","target":{"@type":"EntryPoint","urlTemplate":"https:\/\/wellness4ever.lu\/de\/?s={search_term_string}"},"query-input":"required name=search_term_string"}],"inLanguage":"de"},{"@type":"Organization","@id":"https:\/\/wellness4ever.lu\/de\/#organization","name":"Wellness4Ever : Centre de Massage","url":"https:\/\/wellness4ever.lu\/de\/","logo":{"@type":"ImageObject","inLanguage":"de","@id":"https:\/\/wellness4ever.lu\/de\/#\/schema\/logo\/image\/","url":"https:\/\/i0.wp.com\/wellness4ever.lu\/wp-content\/uploads\/2022\/04\/JPEG-01.jpg?fit=1058%2C1046&ssl=1","contentUrl":"https:\/\/i0.wp.com\/wellness4ever.lu\/wp-content\/uploads\/2022\/04\/JPEG-01.jpg?fit=1058%2C1046&ssl=1","width":1058,"height":1046,"caption":"Wellness4Ever : Centre de Massage"},"image":{"@id":"https:\/\/wellness4ever.lu\/de\/#\/schema\/logo\/image\/"}}]}},"_links":{"self":[{"href":"https:\/\/wellness4ever.lu\/de\/wp-json\/wp\/v2\/product\/1737","targetHints":{"allow":["GET"]}}],"collection":[{"href":"https:\/\/wellness4ever.lu\/de\/wp-json\/wp\/v2\/product"}],"about":[{"href":"https:\/\/wellness4ever.lu\/de\/wp-json\/wp\/v2\/types\/product"}],"replies":[{"embeddable":true,"href":"https:\/\/wellness4ever.lu\/de\/wp-json\/wp\/v2\/comments?post=1737"}],"wp:featuredmedia":[{"embeddable":true,"href":"https:\/\/wellness4ever.lu\/de\/wp-json\/wp\/v2\/media\/800"}],"wp:attachment":[{"href":"https:\/\/wellness4ever.lu\/de\/wp-json\/wp\/v2\/media?parent=1737"}],"wp:term":[{"taxonomy":"product_cat","embeddable":true,"href":"https:\/\/wellness4ever.lu\/de\/wp-json\/wp\/v2\/product_cat?post=1737"},{"taxonomy":"product_tag","embeddable":true,"href":"https:\/\/wellness4ever.lu\/de\/wp-json\/wp\/v2\/product_tag?post=1737"}],"curies":[{"name":"wp","href":"https:\/\/api.w.org\/{rel}","templated":true}]}}